{"id":1424,"date":"2021-12-10T10:25:31","date_gmt":"2021-12-10T09:25:31","guid":{"rendered":"https:\/\/geniwatt.fr\/?page_id=1424"},"modified":"2022-01-05T16:52:06","modified_gmt":"2022-01-05T15:52:06","slug":"groupes-electrogenes-hybrides-2","status":"publish","type":"page","link":"https:\/\/geniwatt.fr\/fr\/hybrid-gensets\/","title":{"rendered":"Groupes \u00e9lectrog\u00e8nes hybrides"},"content":{"rendered":"<div data-elementor-type=\"wp-page\" data-elementor-id=\"1424\" class=\"elementor elementor-1424\">\n\t\t\t\t\t\t<section class=\"elementor-section elementor-top-section elementor-element elementor-element-4b7e5481 elementor-section-boxed elementor-section-height-default elementor-section-height-default\" data-id=\"4b7e5481\" data-element_type=\"section\" data-e-type=\"section\" data-settings=\"{&quot;background_background&quot;:&quot;classic&quot;}\">\n\t\t\t\t\t\t\t<div class=\"elementor-background-overlay\"><\/div>\n\t\t\t\t\t\t\t<div class=\"elementor-container elementor-column-gap-default\">\n\t\t\t\t\t<div class=\"elementor-column elementor-col-50 elementor-top-column elementor-element elementor-element-328f8222\" data-id=\"328f8222\" data-element_type=\"column\" data-e-type=\"column\">\n\t\t\t<div class=\"elementor-widget-wrap elementor-element-populated\">\n\t\t\t\t\t\t<div class=\"elementor-element elementor-element-136ca90 elementor-widget elementor-widget-image\" data-id=\"136ca90\" data-element_type=\"widget\" data-e-type=\"widget\" data-widget_type=\"image.default\">\n\t\t\t\t<div class=\"elementor-widget-container\">\n\t\t\t\t\t\t\t\t\t\t\t\t\t\t\t<img fetchpriority=\"high\" decoding=\"async\" width=\"1024\" height=\"683\" src=\"https:\/\/geniwatt.fr\/wp-content\/uploads\/2021\/12\/GeniWatt-Hybrid-Genset-Inside-1024x683.jpg\" class=\"attachment-large size-large wp-image-1427\" alt=\"\" srcset=\"https:\/\/geniwatt.fr\/wp-content\/uploads\/2021\/12\/GeniWatt-Hybrid-Genset-Inside-1024x683.jpg 1024w, https:\/\/geniwatt.fr\/wp-content\/uploads\/2021\/12\/GeniWatt-Hybrid-Genset-Inside-800x533.jpg 800w, https:\/\/geniwatt.fr\/wp-content\/uploads\/2021\/12\/GeniWatt-Hybrid-Genset-Inside-300x200.jpg 300w, https:\/\/geniwatt.fr\/wp-content\/uploads\/2021\/12\/GeniWatt-Hybrid-Genset-Inside-768x512.jpg 768w, https:\/\/geniwatt.fr\/wp-content\/uploads\/2021\/12\/GeniWatt-Hybrid-Genset-Inside-1536x1024.jpg 1536w, https:\/\/geniwatt.fr\/wp-content\/uploads\/2021\/12\/GeniWatt-Hybrid-Genset-Inside-18x12.jpg 18w, https:\/\/geniwatt.fr\/wp-content\/uploads\/2021\/12\/GeniWatt-Hybrid-Genset-Inside-219x146.jpg 219w, https:\/\/geniwatt.fr\/wp-content\/uploads\/2021\/12\/GeniWatt-Hybrid-Genset-Inside-50x33.jpg 50w, https:\/\/geniwatt.fr\/wp-content\/uploads\/2021\/12\/GeniWatt-Hybrid-Genset-Inside-113x75.jpg 113w, https:\/\/geniwatt.fr\/wp-content\/uploads\/2021\/12\/GeniWatt-Hybrid-Genset-Inside-600x400.jpg 600w, https:\/\/geniwatt.fr\/wp-content\/uploads\/2021\/12\/GeniWatt-Hybrid-Genset-Inside.jpg 1620w\" sizes=\"(max-width:767px) 480px, (max-width:1024px) 100vw, 1024px\" \/>\t\t\t\t\t\t\t\t\t\t\t\t\t\t\t<\/div>\n\t\t\t\t<\/div>\n\t\t\t\t\t<\/div>\n\t\t<\/div>\n\t\t\t\t<div class=\"elementor-column elementor-col-50 elementor-top-column elementor-element elementor-element-50eb2e9b\" data-id=\"50eb2e9b\" data-element_type=\"column\" data-e-type=\"column\">\n\t\t\t<div class=\"elementor-widget-wrap elementor-element-populated\">\n\t\t\t\t\t\t<div class=\"elementor-element elementor-element-18401b0f elementor-widget elementor-widget-heading\" data-id=\"18401b0f\" data-element_type=\"widget\" data-e-type=\"widget\" data-widget_type=\"heading.default\">\n\t\t\t\t<div class=\"elementor-widget-container\">\n\t\t\t\t\t<h2 class=\"elementor-heading-title elementor-size-large\">La solution hybride GeniWatt pour les Telecoms<\/h2>\t\t\t\t<\/div>\n\t\t\t\t<\/div>\n\t\t\t\t<div class=\"elementor-element elementor-element-516f079e elementor-widget elementor-widget-text-editor\" data-id=\"516f079e\" data-element_type=\"widget\" data-e-type=\"widget\" data-widget_type=\"text-editor.default\">\n\t\t\t\t<div class=\"elementor-widget-container\">\n\t\t\t\t\t\t\t\t\t<p>GeniWatt a d\u00e9velopp\u00e9 un groupe hybride, combinant un groupe \u00e9lectrog\u00e8ne FG Wilson avec un ensemble de batteries lithium ion et un chargeur convertisseur.<\/p><p>Le premier groupe hybride a \u00e9t\u00e9 con\u00e7u sp\u00e9cifiquement pour les besoins du secteur des t\u00e9l\u00e9communications.<\/p>\t\t\t\t\t\t\t\t<\/div>\n\t\t\t\t<\/div>\n\t\t\t\t\t<\/div>\n\t\t<\/div>\n\t\t\t\t\t<\/div>\n\t\t<\/section>\n\t\t\t\t<section class=\"elementor-section elementor-top-section elementor-element elementor-element-448fc58 elementor-section-boxed elementor-section-height-default elementor-section-height-default\" data-id=\"448fc58\" data-element_type=\"section\" data-e-type=\"section\">\n\t\t\t\t\t\t<div class=\"elementor-container elementor-column-gap-default\">\n\t\t\t\t\t<div class=\"elementor-column elementor-col-100 elementor-top-column elementor-element elementor-element-81c3188\" data-id=\"81c3188\" data-element_type=\"column\" data-e-type=\"column\">\n\t\t\t<div class=\"elementor-widget-wrap elementor-element-populated\">\n\t\t\t\t\t\t<div class=\"elementor-element elementor-element-a4c84cc elementor-widget elementor-widget-spacer\" data-id=\"a4c84cc\" data-element_type=\"widget\" data-e-type=\"widget\" data-widget_type=\"spacer.default\">\n\t\t\t\t<div class=\"elementor-widget-container\">\n\t\t\t\t\t\t\t<div class=\"elementor-spacer\">\n\t\t\t<div class=\"elementor-spacer-inner\"><\/div>\n\t\t<\/div>\n\t\t\t\t\t\t<\/div>\n\t\t\t\t<\/div>\n\t\t\t\t\t<\/div>\n\t\t<\/div>\n\t\t\t\t\t<\/div>\n\t\t<\/section>\n\t\t\t\t<section class=\"elementor-section elementor-top-section elementor-element elementor-element-18787568 elementor-section-content-middle elementor-section-boxed elementor-section-height-default elementor-section-height-default\" data-id=\"18787568\" data-element_type=\"section\" data-e-type=\"section\" data-settings=\"{&quot;background_background&quot;:&quot;classic&quot;}\">\n\t\t\t\t\t\t<div class=\"elementor-container elementor-column-gap-no\">\n\t\t\t\t\t<div class=\"elementor-column elementor-col-50 elementor-top-column elementor-element elementor-element-7b616aa0\" data-id=\"7b616aa0\" data-element_type=\"column\" data-e-type=\"column\" data-settings=\"{&quot;background_background&quot;:&quot;classic&quot;}\">\n\t\t\t<div class=\"elementor-widget-wrap elementor-element-populated\">\n\t\t\t\t\t\t<div class=\"elementor-element elementor-element-5d29e5cf elementor-widget elementor-widget-image\" data-id=\"5d29e5cf\" data-element_type=\"widget\" data-e-type=\"widget\" data-widget_type=\"image.default\">\n\t\t\t\t<div class=\"elementor-widget-container\">\n\t\t\t\t\t\t\t\t\t\t\t\t\t\t\t<img decoding=\"async\" width=\"768\" height=\"923\" data-src=\"https:\/\/geniwatt.fr\/wp-content\/uploads\/2020\/12\/GeniWatt-Products-Hybrid1-1-768x923.png\" class=\"attachment-medium_large size-medium_large wp-image-618 lazyload\" alt=\"Groupe hybride GeniWatt Groupe \u00e9lectrog\u00e8ne FG Wilson\" data-srcset=\"https:\/\/geniwatt.fr\/wp-content\/uploads\/2020\/12\/GeniWatt-Products-Hybrid1-1-768x923.png 768w, https:\/\/geniwatt.fr\/wp-content\/uploads\/2020\/12\/GeniWatt-Products-Hybrid1-1-800x962.png 800w, https:\/\/geniwatt.fr\/wp-content\/uploads\/2020\/12\/GeniWatt-Products-Hybrid1-1-250x300.png 250w, https:\/\/geniwatt.fr\/wp-content\/uploads\/2020\/12\/GeniWatt-Products-Hybrid1-1-852x1024.png 852w, https:\/\/geniwatt.fr\/wp-content\/uploads\/2020\/12\/GeniWatt-Products-Hybrid1-1-1277x1536.png 1277w, https:\/\/geniwatt.fr\/wp-content\/uploads\/2020\/12\/GeniWatt-Products-Hybrid1-1-1703x2048.png 1703w, https:\/\/geniwatt.fr\/wp-content\/uploads\/2020\/12\/GeniWatt-Products-Hybrid1-1-10x12.png 10w, https:\/\/geniwatt.fr\/wp-content\/uploads\/2020\/12\/GeniWatt-Products-Hybrid1-1-121x146.png 121w, https:\/\/geniwatt.fr\/wp-content\/uploads\/2020\/12\/GeniWatt-Products-Hybrid1-1-42x50.png 42w, https:\/\/geniwatt.fr\/wp-content\/uploads\/2020\/12\/GeniWatt-Products-Hybrid1-1-62x75.png 62w, https:\/\/geniwatt.fr\/wp-content\/uploads\/2020\/12\/GeniWatt-Products-Hybrid1-1-600x721.png 600w\" data-sizes=\"(max-width:767px) 480px, (max-width:768px) 100vw, 768px\" src=\"data:image\/svg+xml;base64,PHN2ZyB3aWR0aD0iMSIgaGVpZ2h0PSIxIiB4bWxucz0iaHR0cDovL3d3dy53My5vcmcvMjAwMC9zdmciPjwvc3ZnPg==\" style=\"--smush-placeholder-width: 768px; --smush-placeholder-aspect-ratio: 768\/923;\" \/>\t\t\t\t\t\t\t\t\t\t\t\t\t\t\t<\/div>\n\t\t\t\t<\/div>\n\t\t\t\t\t<\/div>\n\t\t<\/div>\n\t\t\t\t<div class=\"elementor-column elementor-col-50 elementor-top-column elementor-element elementor-element-3f324528\" data-id=\"3f324528\" data-element_type=\"column\" data-e-type=\"column\" data-settings=\"{&quot;background_background&quot;:&quot;classic&quot;}\">\n\t\t\t<div class=\"elementor-widget-wrap elementor-element-populated\">\n\t\t\t\t\t<div class=\"elementor-background-overlay\"><\/div>\n\t\t\t\t\t\t<div class=\"elementor-element elementor-element-56b9cdf8 elementor-widget elementor-widget-text-editor\" data-id=\"56b9cdf8\" data-element_type=\"widget\" data-e-type=\"widget\" data-widget_type=\"text-editor.default\">\n\t\t\t\t<div class=\"elementor-widget-container\">\n\t\t\t\t\t\t\t\t\t<p>L\u2019ensemble t\u00e9l\u00e9matique a \u00e9t\u00e9 sp\u00e9cialement con\u00e7u par GeniWatt et permet aux utilisateurs de surveiller l\u2019\u00e9tat du groupe hybride \u00e0 distance.  Les informations sur l\u2019\u00e9tat de charge et l\u2019\u00e9tat de sant\u00e9 de la batterie lithium ion sont disponibles en temps r\u00e9el, et \u00e9galement tous les param\u00e8tres indispensables du moteur et de l\u2019alternateur. Le groupe \u00e9lectrog\u00e8ne hybride peut \u00eatre enti\u00e8rement contr\u00f4l\u00e9 \u00e0 distance.<\/p><p>En raison de la conception innovante, pour une puissance de d\u00e9charge nominale de 3 kW, le moteur diesel ne fonctionne que 1\/3 du temps pour le chargement des batteries. Le groupe hybride fonctionne pour obtenir le meilleur rendement possible, avec une vitesse fixe optimis\u00e9e.  L\u2019ensemble de ces \u00e9l\u00e9ments permet une baisse de l\u2019entretien et une r\u00e9duction de la consommation de carburant.<\/p>\t\t\t\t\t\t\t\t<\/div>\n\t\t\t\t<\/div>\n\t\t\t\t<div class=\"elementor-element elementor-element-773737a1 elementor-align-center elementor-widget elementor-widget-button\" data-id=\"773737a1\" data-element_type=\"widget\" data-e-type=\"widget\" data-widget_type=\"button.default\">\n\t\t\t\t<div class=\"elementor-widget-container\">\n\t\t\t\t\t\t\t\t\t<div class=\"elementor-button-wrapper\">\n\t\t\t\t\t<a class=\"elementor-button elementor-button-link elementor-size-sm\" href=\"https:\/\/geniwatt.fr\/wp-content\/uploads\/2021\/03\/P22-6-Hybrid-Genset-Datasheet.pdf\">\n\t\t\t\t\t\t<span class=\"elementor-button-content-wrapper\">\n\t\t\t\t\t\t\t\t\t<span class=\"elementor-button-text\">T\u00e9l\u00e9chargez la fiche produit<\/span>\n\t\t\t\t\t<\/span>\n\t\t\t\t\t<\/a>\n\t\t\t\t<\/div>\n\t\t\t\t\t\t\t\t<\/div>\n\t\t\t\t<\/div>\n\t\t\t\t\t<\/div>\n\t\t<\/div>\n\t\t\t\t\t<\/div>\n\t\t<\/section>\n\t\t\t\t<section class=\"elementor-section elementor-top-section elementor-element elementor-element-b003b9e elementor-section-boxed elementor-section-height-default elementor-section-height-default\" data-id=\"b003b9e\" data-element_type=\"section\" data-e-type=\"section\">\n\t\t\t\t\t\t<div class=\"elementor-container elementor-column-gap-default\">\n\t\t\t\t\t<div class=\"elementor-column elementor-col-100 elementor-top-column elementor-element elementor-element-f7203df\" data-id=\"f7203df\" data-element_type=\"column\" data-e-type=\"column\">\n\t\t\t<div class=\"elementor-widget-wrap elementor-element-populated\">\n\t\t\t\t\t\t<div class=\"elementor-element elementor-element-13e8eaa elementor-widget elementor-widget-spacer\" data-id=\"13e8eaa\" data-element_type=\"widget\" data-e-type=\"widget\" data-widget_type=\"spacer.default\">\n\t\t\t\t<div class=\"elementor-widget-container\">\n\t\t\t\t\t\t\t<div class=\"elementor-spacer\">\n\t\t\t<div class=\"elementor-spacer-inner\"><\/div>\n\t\t<\/div>\n\t\t\t\t\t\t<\/div>\n\t\t\t\t<\/div>\n\t\t\t\t\t<\/div>\n\t\t<\/div>\n\t\t\t\t\t<\/div>\n\t\t<\/section>\n\t\t\t\t<section class=\"elementor-section elementor-top-section elementor-element elementor-element-db28c69 elementor-section-boxed elementor-section-height-default elementor-section-height-default\" data-id=\"db28c69\" data-element_type=\"section\" data-e-type=\"section\" data-settings=\"{&quot;background_background&quot;:&quot;classic&quot;}\">\n\t\t\t\t\t\t\t<div class=\"elementor-background-overlay\"><\/div>\n\t\t\t\t\t\t\t<div class=\"elementor-container elementor-column-gap-default\">\n\t\t\t\t\t<div class=\"elementor-column elementor-col-100 elementor-top-column elementor-element elementor-element-5caa0eb1\" data-id=\"5caa0eb1\" data-element_type=\"column\" data-e-type=\"column\">\n\t\t\t<div class=\"elementor-widget-wrap elementor-element-populated\">\n\t\t\t\t\t\t<div class=\"elementor-element elementor-element-1ef6ba23 elementor-widget elementor-widget-heading\" data-id=\"1ef6ba23\" data-element_type=\"widget\" data-e-type=\"widget\" data-widget_type=\"heading.default\">\n\t\t\t\t<div class=\"elementor-widget-container\">\n\t\t\t\t\t<h3 class=\"elementor-heading-title elementor-size-large\">NOTRE \u00c9QUIPE SE TIENT \u00c0 VOTRE DISPOSITION<\/h3>\t\t\t\t<\/div>\n\t\t\t\t<\/div>\n\t\t\t\t<div class=\"elementor-element elementor-element-7bb57228 elementor-widget elementor-widget-text-editor\" data-id=\"7bb57228\" data-element_type=\"widget\" data-e-type=\"widget\" data-widget_type=\"text-editor.default\">\n\t\t\t\t<div class=\"elementor-widget-container\">\n\t\t\t\t\t\t\t\t\t<h4 style=\"font-style: normal; font-variant-ligatures: normal; font-variant-caps: normal; font-size: 19px; letter-spacing: normal; text-align: center; background-color: #fcfcfc;\">N\u2019h\u00e9sitez pas \u00e0 nous solliciter ici si vous avez besoin d\u2019information ou d\u2019un devis.<\/h4>\t\t\t\t\t\t\t\t<\/div>\n\t\t\t\t<\/div>\n\t\t\t\t<div class=\"elementor-element elementor-element-22d42f34 elementor-align-center elementor-widget elementor-widget-button\" data-id=\"22d42f34\" data-element_type=\"widget\" data-e-type=\"widget\" data-widget_type=\"button.default\">\n\t\t\t\t<div class=\"elementor-widget-container\">\n\t\t\t\t\t\t\t\t\t<div class=\"elementor-button-wrapper\">\n\t\t\t\t\t<a class=\"elementor-button elementor-button-link elementor-size-sm\" href=\"https:\/\/geniwatt.fr\/fr\/contact-3\/\">\n\t\t\t\t\t\t<span class=\"elementor-button-content-wrapper\">\n\t\t\t\t\t\t\t\t\t<span class=\"elementor-button-text\">Contacter GeniWatt<\/span>\n\t\t\t\t\t<\/span>\n\t\t\t\t\t<\/a>\n\t\t\t\t<\/div>\n\t\t\t\t\t\t\t\t<\/div>\n\t\t\t\t<\/div>\n\t\t\t\t\t<\/div>\n\t\t<\/div>\n\t\t\t\t\t<\/div>\n\t\t<\/section>\n\t\t\t\t<section class=\"elementor-section elementor-top-section elementor-element elementor-element-b697710 elementor-section-boxed elementor-section-height-default elementor-section-height-default\" data-id=\"b697710\" data-element_type=\"section\" data-e-type=\"section\">\n\t\t\t\t\t\t<div class=\"elementor-container elementor-column-gap-default\">\n\t\t\t\t\t<div class=\"elementor-column elementor-col-100 elementor-top-column elementor-element elementor-element-b27bbf0\" data-id=\"b27bbf0\" data-element_type=\"column\" data-e-type=\"column\">\n\t\t\t<div class=\"elementor-widget-wrap elementor-element-populated\">\n\t\t\t\t\t\t<div class=\"elementor-element elementor-element-7c0ec2f elementor-widget elementor-widget-spacer\" data-id=\"7c0ec2f\" data-element_type=\"widget\" data-e-type=\"widget\" data-widget_type=\"spacer.default\">\n\t\t\t\t<div class=\"elementor-widget-container\">\n\t\t\t\t\t\t\t<div class=\"elementor-spacer\">\n\t\t\t<div class=\"elementor-spacer-inner\"><\/div>\n\t\t<\/div>\n\t\t\t\t\t\t<\/div>\n\t\t\t\t<\/div>\n\t\t\t\t\t<\/div>\n\t\t<\/div>\n\t\t\t\t\t<\/div>\n\t\t<\/section>\n\t\t\t\t<\/div>","protected":false},"excerpt":{"rendered":"<p>GeniWatt Hybrid solution for Telecoms GeniWatt has developed a hybrid power package, combining an FG Wilson diesel generating set with specially designed lithium battery package. The<span class=\"excerpt-hellip\"> [\u2026]<\/span><\/p>\n","protected":false},"author":2,"featured_media":0,"parent":0,"menu_order":0,"comment_status":"closed","ping_status":"closed","template":"","meta":{"footnotes":""},"class_list":["post-1424","page","type-page","status-publish","hentry"],"yoast_head":"<!-- This site is optimized with the Yoast SEO plugin v27.4 - https:\/\/yoast.com\/product\/yoast-seo-wordpress\/ -->\n<title>Hybrid Gensets - GeniWatt - FG Wilson Dealer<\/title>\n<meta name=\"robots\" content=\"index, follow, max-snippet:-1, max-image-preview:large, max-video-preview:-1\" \/>\n<link rel=\"canonical\" href=\"https:\/\/geniwatt.fr\/fr\/groupes-electrogenes-hybrides-2\/\" \/>\n<meta property=\"og:locale\" content=\"fr_FR\" \/>\n<meta property=\"og:type\" content=\"article\" \/>\n<meta property=\"og:title\" content=\"Hybrid Gensets - GeniWatt - FG Wilson Dealer\" \/>\n<meta property=\"og:description\" content=\"GeniWatt Hybrid solution for Telecoms GeniWatt has developed a hybrid power package, combining an FG Wilson diesel generating set with specially designed lithium battery package. The [\u2026]\" \/>\n<meta property=\"og:url\" content=\"https:\/\/geniwatt.fr\/fr\/groupes-electrogenes-hybrides-2\/\" \/>\n<meta property=\"og:site_name\" content=\"GeniWatt\" \/>\n<meta property=\"article:publisher\" content=\"https:\/\/www.facebook.com\/GeniWattFGWilson\" \/>\n<meta property=\"article:modified_time\" content=\"2022-01-05T15:52:06+00:00\" \/>\n<meta property=\"og:image\" content=\"https:\/\/geniwatt.fr\/wp-content\/uploads\/2021\/12\/GeniWatt-Hybrid-Genset-Inside-1024x683.jpg\" \/>\n<meta name=\"twitter:card\" content=\"summary_large_image\" \/>\n<meta name=\"twitter:label1\" content=\"Dur\u00e9e de lecture estim\u00e9e\" \/>\n\t<meta name=\"twitter:data1\" content=\"2 minutes\" \/>\n<script type=\"application\/ld+json\" class=\"yoast-schema-graph\">{\"@context\":\"https:\\\/\\\/schema.org\",\"@graph\":[{\"@type\":\"WebPage\",\"@id\":\"https:\\\/\\\/geniwatt.fr\\\/fr\\\/groupes-electrogenes-hybrides-2\\\/\",\"url\":\"https:\\\/\\\/geniwatt.fr\\\/fr\\\/groupes-electrogenes-hybrides-2\\\/\",\"name\":\"Hybrid Gensets - GeniWatt - FG Wilson Dealer\",\"isPartOf\":{\"@id\":\"https:\\\/\\\/geniwatt.fr\\\/fr\\\/#website\"},\"primaryImageOfPage\":{\"@id\":\"https:\\\/\\\/geniwatt.fr\\\/fr\\\/groupes-electrogenes-hybrides-2\\\/#primaryimage\"},\"image\":{\"@id\":\"https:\\\/\\\/geniwatt.fr\\\/fr\\\/groupes-electrogenes-hybrides-2\\\/#primaryimage\"},\"thumbnailUrl\":\"https:\\\/\\\/geniwatt.fr\\\/wp-content\\\/uploads\\\/2021\\\/12\\\/GeniWatt-Hybrid-Genset-Inside-1024x683.jpg\",\"datePublished\":\"2021-12-10T09:25:31+00:00\",\"dateModified\":\"2022-01-05T15:52:06+00:00\",\"breadcrumb\":{\"@id\":\"https:\\\/\\\/geniwatt.fr\\\/fr\\\/groupes-electrogenes-hybrides-2\\\/#breadcrumb\"},\"inLanguage\":\"fr-FR\",\"potentialAction\":[{\"@type\":\"ReadAction\",\"target\":[\"https:\\\/\\\/geniwatt.fr\\\/fr\\\/groupes-electrogenes-hybrides-2\\\/\"]}]},{\"@type\":\"ImageObject\",\"inLanguage\":\"fr-FR\",\"@id\":\"https:\\\/\\\/geniwatt.fr\\\/fr\\\/groupes-electrogenes-hybrides-2\\\/#primaryimage\",\"url\":\"https:\\\/\\\/geniwatt.fr\\\/wp-content\\\/uploads\\\/2021\\\/12\\\/GeniWatt-Hybrid-Genset-Inside-1024x683.jpg\",\"contentUrl\":\"https:\\\/\\\/geniwatt.fr\\\/wp-content\\\/uploads\\\/2021\\\/12\\\/GeniWatt-Hybrid-Genset-Inside-1024x683.jpg\"},{\"@type\":\"BreadcrumbList\",\"@id\":\"https:\\\/\\\/geniwatt.fr\\\/fr\\\/groupes-electrogenes-hybrides-2\\\/#breadcrumb\",\"itemListElement\":[{\"@type\":\"ListItem\",\"position\":1,\"name\":\"Accueil\",\"item\":\"https:\\\/\\\/geniwatt.fr\\\/fr\\\/?page_id=195\"},{\"@type\":\"ListItem\",\"position\":2,\"name\":\"Hybrid Gensets\"}]},{\"@type\":\"WebSite\",\"@id\":\"https:\\\/\\\/geniwatt.fr\\\/fr\\\/#website\",\"url\":\"https:\\\/\\\/geniwatt.fr\\\/fr\\\/\",\"name\":\"GeniWatt\",\"description\":\"\",\"publisher\":{\"@id\":\"https:\\\/\\\/geniwatt.fr\\\/fr\\\/#organization\"},\"potentialAction\":[{\"@type\":\"SearchAction\",\"target\":{\"@type\":\"EntryPoint\",\"urlTemplate\":\"https:\\\/\\\/geniwatt.fr\\\/fr\\\/?s={search_term_string}\"},\"query-input\":{\"@type\":\"PropertyValueSpecification\",\"valueRequired\":true,\"valueName\":\"search_term_string\"}}],\"inLanguage\":\"fr-FR\"},{\"@type\":\"Organization\",\"@id\":\"https:\\\/\\\/geniwatt.fr\\\/fr\\\/#organization\",\"name\":\"GeniWatt\",\"url\":\"https:\\\/\\\/geniwatt.fr\\\/fr\\\/\",\"logo\":{\"@type\":\"ImageObject\",\"inLanguage\":\"fr-FR\",\"@id\":\"https:\\\/\\\/geniwatt.fr\\\/fr\\\/#\\\/schema\\\/logo\\\/image\\\/\",\"url\":\"https:\\\/\\\/geniwatt.fr\\\/wp-content\\\/uploads\\\/2020\\\/02\\\/dskHY_coL5.jpeg\",\"contentUrl\":\"https:\\\/\\\/geniwatt.fr\\\/wp-content\\\/uploads\\\/2020\\\/02\\\/dskHY_coL5.jpeg\",\"width\":278,\"height\":70,\"caption\":\"GeniWatt\"},\"image\":{\"@id\":\"https:\\\/\\\/geniwatt.fr\\\/fr\\\/#\\\/schema\\\/logo\\\/image\\\/\"},\"sameAs\":[\"https:\\\/\\\/www.facebook.com\\\/GeniWattFGWilson\",\"https:\\\/\\\/www.linkedin.com\\\/company\\\/geniwatt\",\"https:\\\/\\\/www.youtube.com\\\/channel\\\/UCehrKAimYhPDfZ80TdFBwUA\"]}]}<\/script>\n<!-- \/ Yoast SEO plugin. -->","yoast_head_json":{"title":"Groupes \u00e9lectrog\u00e8nes hybrides - GeniWatt - Distributeur FG Wilson","robots":{"index":"index","follow":"follow","max-snippet":"max-snippet:-1","max-image-preview":"max-image-preview:large","max-video-preview":"max-video-preview:-1"},"canonical":"https:\/\/geniwatt.fr\/fr\/groupes-electrogenes-hybrides-2\/","og_locale":"fr_FR","og_type":"article","og_title":"Hybrid Gensets - GeniWatt - FG Wilson Dealer","og_description":"GeniWatt Hybrid solution for Telecoms GeniWatt has developed a hybrid power package, combining an FG Wilson diesel generating set with specially designed lithium battery package. The [\u2026]","og_url":"https:\/\/geniwatt.fr\/fr\/groupes-electrogenes-hybrides-2\/","og_site_name":"GeniWatt","article_publisher":"https:\/\/www.facebook.com\/GeniWattFGWilson","article_modified_time":"2022-01-05T15:52:06+00:00","og_image":[{"url":"https:\/\/geniwatt.fr\/wp-content\/uploads\/2021\/12\/GeniWatt-Hybrid-Genset-Inside-1024x683.jpg","type":"","width":"","height":""}],"twitter_card":"summary_large_image","twitter_misc":{"Dur\u00e9e de lecture estim\u00e9e":"2 minutes"},"schema":{"@context":"https:\/\/schema.org","@graph":[{"@type":"WebPage","@id":"https:\/\/geniwatt.fr\/fr\/groupes-electrogenes-hybrides-2\/","url":"https:\/\/geniwatt.fr\/fr\/groupes-electrogenes-hybrides-2\/","name":"Groupes \u00e9lectrog\u00e8nes hybrides - GeniWatt - Distributeur FG Wilson","isPartOf":{"@id":"https:\/\/geniwatt.fr\/fr\/#website"},"primaryImageOfPage":{"@id":"https:\/\/geniwatt.fr\/fr\/groupes-electrogenes-hybrides-2\/#primaryimage"},"image":{"@id":"https:\/\/geniwatt.fr\/fr\/groupes-electrogenes-hybrides-2\/#primaryimage"},"thumbnailUrl":"https:\/\/geniwatt.fr\/wp-content\/uploads\/2021\/12\/GeniWatt-Hybrid-Genset-Inside-1024x683.jpg","datePublished":"2021-12-10T09:25:31+00:00","dateModified":"2022-01-05T15:52:06+00:00","breadcrumb":{"@id":"https:\/\/geniwatt.fr\/fr\/groupes-electrogenes-hybrides-2\/#breadcrumb"},"inLanguage":"fr-FR","potentialAction":[{"@type":"ReadAction","target":["https:\/\/geniwatt.fr\/fr\/groupes-electrogenes-hybrides-2\/"]}]},{"@type":"ImageObject","inLanguage":"fr-FR","@id":"https:\/\/geniwatt.fr\/fr\/groupes-electrogenes-hybrides-2\/#primaryimage","url":"https:\/\/geniwatt.fr\/wp-content\/uploads\/2021\/12\/GeniWatt-Hybrid-Genset-Inside-1024x683.jpg","contentUrl":"https:\/\/geniwatt.fr\/wp-content\/uploads\/2021\/12\/GeniWatt-Hybrid-Genset-Inside-1024x683.jpg"},{"@type":"BreadcrumbList","@id":"https:\/\/geniwatt.fr\/fr\/groupes-electrogenes-hybrides-2\/#breadcrumb","itemListElement":[{"@type":"ListItem","position":1,"name":"Accueil","item":"https:\/\/geniwatt.fr\/fr\/?page_id=195"},{"@type":"ListItem","position":2,"name":"Hybrid Gensets"}]},{"@type":"WebSite","@id":"https:\/\/geniwatt.fr\/fr\/#website","url":"https:\/\/geniwatt.fr\/fr\/","name":"GeniWatt","description":"","publisher":{"@id":"https:\/\/geniwatt.fr\/fr\/#organization"},"potentialAction":[{"@type":"SearchAction","target":{"@type":"EntryPoint","urlTemplate":"https:\/\/geniwatt.fr\/fr\/?s={search_term_string}"},"query-input":{"@type":"PropertyValueSpecification","valueRequired":true,"valueName":"search_term_string"}}],"inLanguage":"fr-FR"},{"@type":"Organization","@id":"https:\/\/geniwatt.fr\/fr\/#organization","name":"GeniWatt","url":"https:\/\/geniwatt.fr\/fr\/","logo":{"@type":"ImageObject","inLanguage":"fr-FR","@id":"https:\/\/geniwatt.fr\/fr\/#\/schema\/logo\/image\/","url":"https:\/\/geniwatt.fr\/wp-content\/uploads\/2020\/02\/dskHY_coL5.jpeg","contentUrl":"https:\/\/geniwatt.fr\/wp-content\/uploads\/2020\/02\/dskHY_coL5.jpeg","width":278,"height":70,"caption":"GeniWatt"},"image":{"@id":"https:\/\/geniwatt.fr\/fr\/#\/schema\/logo\/image\/"},"sameAs":["https:\/\/www.facebook.com\/GeniWattFGWilson","https:\/\/www.linkedin.com\/company\/geniwatt","https:\/\/www.youtube.com\/channel\/UCehrKAimYhPDfZ80TdFBwUA"]}]}},"_links":{"self":[{"href":"https:\/\/geniwatt.fr\/fr\/wp-json\/wp\/v2\/pages\/1424","targetHints":{"allow":["GET"]}}],"collection":[{"href":"https:\/\/geniwatt.fr\/fr\/wp-json\/wp\/v2\/pages"}],"about":[{"href":"https:\/\/geniwatt.fr\/fr\/wp-json\/wp\/v2\/types\/page"}],"author":[{"embeddable":true,"href":"https:\/\/geniwatt.fr\/fr\/wp-json\/wp\/v2\/users\/2"}],"replies":[{"embeddable":true,"href":"https:\/\/geniwatt.fr\/fr\/wp-json\/wp\/v2\/comments?post=1424"}],"version-history":[{"count":12,"href":"https:\/\/geniwatt.fr\/fr\/wp-json\/wp\/v2\/pages\/1424\/revisions"}],"predecessor-version":[{"id":1675,"href":"https:\/\/geniwatt.fr\/fr\/wp-json\/wp\/v2\/pages\/1424\/revisions\/1675"}],"wp:attachment":[{"href":"https:\/\/geniwatt.fr\/fr\/wp-json\/wp\/v2\/media?parent=1424"}],"curies":[{"name":"wp","href":"https:\/\/api.w.org\/{rel}","templated":true}]}}