{"id":1433,"date":"2021-12-14T10:11:13","date_gmt":"2021-12-14T09:11:13","guid":{"rendered":"https:\/\/geniwatt.fr\/?page_id=1433"},"modified":"2025-02-06T16:12:03","modified_gmt":"2025-02-06T15:12:03","slug":"inverseur-de-source-2","status":"publish","type":"page","link":"https:\/\/geniwatt.fr\/fr\/ats-2\/","title":{"rendered":"Inverseur de source"},"content":{"rendered":"<div data-elementor-type=\"wp-page\" data-elementor-id=\"1433\" class=\"elementor elementor-1433\">\n\t\t\t\t\t\t<section class=\"elementor-section elementor-top-section elementor-element elementor-element-aac0544 elementor-section-boxed elementor-section-height-default elementor-section-height-default\" data-id=\"aac0544\" data-element_type=\"section\" data-e-type=\"section\" data-settings=\"{&quot;background_background&quot;:&quot;classic&quot;}\">\n\t\t\t\t\t\t\t<div class=\"elementor-background-overlay\"><\/div>\n\t\t\t\t\t\t\t<div class=\"elementor-container elementor-column-gap-default\">\n\t\t\t\t\t<div class=\"elementor-column elementor-col-50 elementor-top-column elementor-element elementor-element-5dbb701a\" data-id=\"5dbb701a\" data-element_type=\"column\" data-e-type=\"column\">\n\t\t\t<div class=\"elementor-widget-wrap elementor-element-populated\">\n\t\t\t\t\t\t<div class=\"elementor-element elementor-element-4844a8f elementor-widget elementor-widget-image\" data-id=\"4844a8f\" data-element_type=\"widget\" data-e-type=\"widget\" data-widget_type=\"image.default\">\n\t\t\t\t<div class=\"elementor-widget-container\">\n\t\t\t\t\t\t\t\t\t\t\t\t\t\t\t<img fetchpriority=\"high\" decoding=\"async\" width=\"358\" height=\"269\" src=\"https:\/\/geniwatt.fr\/wp-content\/uploads\/2021\/12\/ATI-Inverseur-de-source-2.png\" class=\"attachment-large size-large wp-image-1457\" alt=\"\" srcset=\"https:\/\/geniwatt.fr\/wp-content\/uploads\/2021\/12\/ATI-Inverseur-de-source-2.png 358w, https:\/\/geniwatt.fr\/wp-content\/uploads\/2021\/12\/ATI-Inverseur-de-source-2-300x225.png 300w, https:\/\/geniwatt.fr\/wp-content\/uploads\/2021\/12\/ATI-Inverseur-de-source-2-16x12.png 16w, https:\/\/geniwatt.fr\/wp-content\/uploads\/2021\/12\/ATI-Inverseur-de-source-2-194x146.png 194w, https:\/\/geniwatt.fr\/wp-content\/uploads\/2021\/12\/ATI-Inverseur-de-source-2-50x38.png 50w, https:\/\/geniwatt.fr\/wp-content\/uploads\/2021\/12\/ATI-Inverseur-de-source-2-100x75.png 100w\" sizes=\"(max-width:767px) 358px, 358px\" \/>\t\t\t\t\t\t\t\t\t\t\t\t\t\t\t<\/div>\n\t\t\t\t<\/div>\n\t\t\t\t\t<\/div>\n\t\t<\/div>\n\t\t\t\t<div class=\"elementor-column elementor-col-50 elementor-top-column elementor-element elementor-element-600699cc\" data-id=\"600699cc\" data-element_type=\"column\" data-e-type=\"column\">\n\t\t\t<div class=\"elementor-widget-wrap elementor-element-populated\">\n\t\t\t\t\t\t<div class=\"elementor-element elementor-element-735fec42 elementor-widget elementor-widget-heading\" data-id=\"735fec42\" data-element_type=\"widget\" data-e-type=\"widget\" data-widget_type=\"heading.default\">\n\t\t\t\t<div class=\"elementor-widget-container\">\n\t\t\t\t\t<h2 class=\"elementor-heading-title elementor-size-large\">Une protection de l\u2019alimentation \u00e9lectrique 24h\/24 et 365 jours par an<\/h2>\t\t\t\t<\/div>\n\t\t\t\t<\/div>\n\t\t\t\t<div class=\"elementor-element elementor-element-1280b222 elementor-widget elementor-widget-text-editor\" data-id=\"1280b222\" data-element_type=\"widget\" data-e-type=\"widget\" data-widget_type=\"text-editor.default\">\n\t\t\t\t<div class=\"elementor-widget-container\">\n\t\t\t\t\t\t\t\t\t<p>GeniWatt vous propose en stock la gamme compl\u00e8te d\u2019inverseurs de source automatique et manuel FG Wilson, du mod\u00e8le CTI63 au mod\u00e8le ATI3200. Celle-ci est con\u00e7ue pour vous permettre d'optimiser le fonctionnement de votre groupe \u00e9lectrog\u00e8ne de secours, en association avec nos coffrets de commande automatique, afin de reprendre la charge de votre installation automatiquement en cas de d\u00e9faillance du r\u00e9seau.<\/p>\t\t\t\t\t\t\t\t<\/div>\n\t\t\t\t<\/div>\n\t\t\t\t\t<\/div>\n\t\t<\/div>\n\t\t\t\t\t<\/div>\n\t\t<\/section>\n\t\t\t\t<section class=\"elementor-section elementor-top-section elementor-element elementor-element-b5a85c2 elementor-section-boxed elementor-section-height-default elementor-section-height-default\" data-id=\"b5a85c2\" data-element_type=\"section\" data-e-type=\"section\">\n\t\t\t\t\t\t<div class=\"elementor-container elementor-column-gap-default\">\n\t\t\t\t\t<div class=\"elementor-column elementor-col-100 elementor-top-column elementor-element elementor-element-77b5f3c\" data-id=\"77b5f3c\" data-element_type=\"column\" data-e-type=\"column\">\n\t\t\t<div class=\"elementor-widget-wrap elementor-element-populated\">\n\t\t\t\t\t\t<div class=\"elementor-element elementor-element-f7228c6 elementor-widget elementor-widget-spacer\" data-id=\"f7228c6\" data-element_type=\"widget\" data-e-type=\"widget\" data-widget_type=\"spacer.default\">\n\t\t\t\t<div class=\"elementor-widget-container\">\n\t\t\t\t\t\t\t<div class=\"elementor-spacer\">\n\t\t\t<div class=\"elementor-spacer-inner\"><\/div>\n\t\t<\/div>\n\t\t\t\t\t\t<\/div>\n\t\t\t\t<\/div>\n\t\t\t\t\t<\/div>\n\t\t<\/div>\n\t\t\t\t\t<\/div>\n\t\t<\/section>\n\t\t\t\t<section class=\"elementor-section elementor-top-section elementor-element elementor-element-6693c28a elementor-section-content-middle elementor-section-boxed elementor-section-height-default elementor-section-height-default\" data-id=\"6693c28a\" data-element_type=\"section\" data-e-type=\"section\" data-settings=\"{&quot;background_background&quot;:&quot;classic&quot;}\">\n\t\t\t\t\t\t<div class=\"elementor-container elementor-column-gap-no\">\n\t\t\t\t\t<div class=\"elementor-column elementor-col-50 elementor-top-column elementor-element elementor-element-167884ca\" data-id=\"167884ca\" data-element_type=\"column\" data-e-type=\"column\" data-settings=\"{&quot;background_background&quot;:&quot;slideshow&quot;,&quot;background_slideshow_gallery&quot;:[],&quot;background_slideshow_loop&quot;:&quot;yes&quot;,&quot;background_slideshow_slide_duration&quot;:5000,&quot;background_slideshow_slide_transition&quot;:&quot;fade&quot;,&quot;background_slideshow_transition_duration&quot;:500}\">\n\t\t\t<div class=\"elementor-widget-wrap elementor-element-populated\">\n\t\t\t\t\t\t<div class=\"elementor-element elementor-element-50f2728 elementor-widget elementor-widget-image\" data-id=\"50f2728\" data-element_type=\"widget\" data-e-type=\"widget\" data-widget_type=\"image.default\">\n\t\t\t\t<div class=\"elementor-widget-container\">\n\t\t\t\t\t\t\t\t\t\t\t\t\t\t\t<img decoding=\"async\" width=\"279\" height=\"300\" data-src=\"https:\/\/geniwatt.fr\/wp-content\/uploads\/2021\/12\/Inverseurs-de-source-bleu-279x300.jpg\" class=\"attachment-medium size-medium wp-image-1444 lazyload\" alt=\"\" data-srcset=\"https:\/\/geniwatt.fr\/wp-content\/uploads\/2021\/12\/Inverseurs-de-source-bleu-279x300.jpg 279w, https:\/\/geniwatt.fr\/wp-content\/uploads\/2021\/12\/Inverseurs-de-source-bleu-11x12.jpg 11w, https:\/\/geniwatt.fr\/wp-content\/uploads\/2021\/12\/Inverseurs-de-source-bleu-136x146.jpg 136w, https:\/\/geniwatt.fr\/wp-content\/uploads\/2021\/12\/Inverseurs-de-source-bleu-47x50.jpg 47w, https:\/\/geniwatt.fr\/wp-content\/uploads\/2021\/12\/Inverseurs-de-source-bleu-70x75.jpg 70w, https:\/\/geniwatt.fr\/wp-content\/uploads\/2021\/12\/Inverseurs-de-source-bleu-600x645.jpg 600w, https:\/\/geniwatt.fr\/wp-content\/uploads\/2021\/12\/Inverseurs-de-source-bleu.jpg 647w\" data-sizes=\"(max-width:767px) 279px, 279px\" src=\"data:image\/svg+xml;base64,PHN2ZyB3aWR0aD0iMSIgaGVpZ2h0PSIxIiB4bWxucz0iaHR0cDovL3d3dy53My5vcmcvMjAwMC9zdmciPjwvc3ZnPg==\" style=\"--smush-placeholder-width: 279px; --smush-placeholder-aspect-ratio: 279\/300;\" \/>\t\t\t\t\t\t\t\t\t\t\t\t\t\t\t<\/div>\n\t\t\t\t<\/div>\n\t\t\t\t\t<\/div>\n\t\t<\/div>\n\t\t\t\t<div class=\"elementor-column elementor-col-50 elementor-top-column elementor-element elementor-element-6f5adfd2\" data-id=\"6f5adfd2\" data-element_type=\"column\" data-e-type=\"column\" data-settings=\"{&quot;background_background&quot;:&quot;classic&quot;}\">\n\t\t\t<div class=\"elementor-widget-wrap elementor-element-populated\">\n\t\t\t\t\t<div class=\"elementor-background-overlay\"><\/div>\n\t\t\t\t\t\t<div class=\"elementor-element elementor-element-6f55d15e elementor-widget elementor-widget-heading\" data-id=\"6f55d15e\" data-element_type=\"widget\" data-e-type=\"widget\" data-widget_type=\"heading.default\">\n\t\t\t\t<div class=\"elementor-widget-container\">\n\t\t\t\t\t<h2 class=\"elementor-heading-title elementor-size-large\">Pourquoi choisir nos inverseurs ?<\/h2>\t\t\t\t<\/div>\n\t\t\t\t<\/div>\n\t\t\t\t<div class=\"elementor-element elementor-element-fa3effc elementor-widget elementor-widget-text-editor\" data-id=\"fa3effc\" data-element_type=\"widget\" data-e-type=\"widget\" data-widget_type=\"text-editor.default\">\n\t\t\t\t<div class=\"elementor-widget-container\">\n\t\t\t\t\t\t\t\t\t<ul><li>D\u00e9tection de perte secteur (surveillance des 3 phases et du neutre) et contr\u00f4le du champ tournant, commande de d\u00e9marrage du groupe \u00e9lectrog\u00e8ne enti\u00e8rement automatique<\/li><li>Pr\u00e9programmation, avec possibilit\u00e9 de personnaliser (ajustage des temporisations et des seuils d\u2019enclenchement et de d\u00e9clenchement)<\/li><li>Commutations rapides r\u00e9duisant le temps de transfert entre groupe \u00e9lectrog\u00e8ne et r\u00e9seau<\/li><li>Disponible dans la plage de 63 \u00e0 3200 Amp\u00e8res<\/li><li>Ecran de lecture LCD<\/li><\/ul>\t\t\t\t\t\t\t\t<\/div>\n\t\t\t\t<\/div>\n\t\t\t\t<div class=\"elementor-element elementor-element-50b2c839 elementor-align-center elementor-widget elementor-widget-button\" data-id=\"50b2c839\" data-element_type=\"widget\" data-e-type=\"widget\" data-widget_type=\"button.default\">\n\t\t\t\t<div class=\"elementor-widget-container\">\n\t\t\t\t\t\t\t\t\t<div class=\"elementor-button-wrapper\">\n\t\t\t\t\t<a class=\"elementor-button elementor-button-link elementor-size-sm\" href=\"https:\/\/geniwatt.fr\/wp-content\/uploads\/2021\/03\/Inverseurs-de-source-FG-WIlson-FR.pdf\">\n\t\t\t\t\t\t<span class=\"elementor-button-content-wrapper\">\n\t\t\t\t\t\t\t\t\t<span class=\"elementor-button-text\">Consultez la brochure<\/span>\n\t\t\t\t\t<\/span>\n\t\t\t\t\t<\/a>\n\t\t\t\t<\/div>\n\t\t\t\t\t\t\t\t<\/div>\n\t\t\t\t<\/div>\n\t\t\t\t\t<\/div>\n\t\t<\/div>\n\t\t\t\t\t<\/div>\n\t\t<\/section>\n\t\t\t\t<section class=\"elementor-section elementor-top-section elementor-element elementor-element-cd8619b elementor-section-boxed elementor-section-height-default elementor-section-height-default\" data-id=\"cd8619b\" data-element_type=\"section\" data-e-type=\"section\">\n\t\t\t\t\t\t<div class=\"elementor-container elementor-column-gap-default\">\n\t\t\t\t\t<div class=\"elementor-column elementor-col-100 elementor-top-column elementor-element elementor-element-e537cdd\" data-id=\"e537cdd\" data-element_type=\"column\" data-e-type=\"column\">\n\t\t\t<div class=\"elementor-widget-wrap elementor-element-populated\">\n\t\t\t\t\t\t<div class=\"elementor-element elementor-element-ed48318 elementor-widget elementor-widget-spacer\" data-id=\"ed48318\" data-element_type=\"widget\" data-e-type=\"widget\" data-widget_type=\"spacer.default\">\n\t\t\t\t<div class=\"elementor-widget-container\">\n\t\t\t\t\t\t\t<div class=\"elementor-spacer\">\n\t\t\t<div class=\"elementor-spacer-inner\"><\/div>\n\t\t<\/div>\n\t\t\t\t\t\t<\/div>\n\t\t\t\t<\/div>\n\t\t\t\t\t<\/div>\n\t\t<\/div>\n\t\t\t\t\t<\/div>\n\t\t<\/section>\n\t\t\t\t<section class=\"elementor-section elementor-top-section elementor-element elementor-element-46a45cc1 elementor-section-boxed elementor-section-height-default elementor-section-height-default\" data-id=\"46a45cc1\" data-element_type=\"section\" data-e-type=\"section\" data-settings=\"{&quot;background_background&quot;:&quot;classic&quot;}\">\n\t\t\t\t\t\t\t<div class=\"elementor-background-overlay\"><\/div>\n\t\t\t\t\t\t\t<div class=\"elementor-container elementor-column-gap-default\">\n\t\t\t\t\t<div class=\"elementor-column elementor-col-100 elementor-top-column elementor-element elementor-element-4d84c533\" data-id=\"4d84c533\" data-element_type=\"column\" data-e-type=\"column\">\n\t\t\t<div class=\"elementor-widget-wrap elementor-element-populated\">\n\t\t\t\t\t\t<div class=\"elementor-element elementor-element-7ac212c2 elementor-widget elementor-widget-heading\" data-id=\"7ac212c2\" data-element_type=\"widget\" data-e-type=\"widget\" data-widget_type=\"heading.default\">\n\t\t\t\t<div class=\"elementor-widget-container\">\n\t\t\t\t\t<h3 class=\"elementor-heading-title elementor-size-large\">NOTRE \u00c9QUIPE SE TIENT \u00c0 VOTRE DISPOSITION<\/h3>\t\t\t\t<\/div>\n\t\t\t\t<\/div>\n\t\t\t\t<div class=\"elementor-element elementor-element-42f3e16d elementor-widget elementor-widget-text-editor\" data-id=\"42f3e16d\" data-element_type=\"widget\" data-e-type=\"widget\" data-widget_type=\"text-editor.default\">\n\t\t\t\t<div class=\"elementor-widget-container\">\n\t\t\t\t\t\t\t\t\t<h4 style=\"font-style: normal; font-variant-ligatures: normal; font-variant-caps: normal; font-size: 19px; letter-spacing: normal; text-align: center; background-color: #fcfcfc;\">N\u2019h\u00e9sitez pas \u00e0 nous solliciter ici si vous avez besoin d\u2019information ou d\u2019un devis.<\/h4>\t\t\t\t\t\t\t\t<\/div>\n\t\t\t\t<\/div>\n\t\t\t\t<div class=\"elementor-element elementor-element-11f204fc elementor-align-center elementor-widget elementor-widget-button\" data-id=\"11f204fc\" data-element_type=\"widget\" data-e-type=\"widget\" data-widget_type=\"button.default\">\n\t\t\t\t<div class=\"elementor-widget-container\">\n\t\t\t\t\t\t\t\t\t<div class=\"elementor-button-wrapper\">\n\t\t\t\t\t<a class=\"elementor-button elementor-button-link elementor-size-sm\" href=\"https:\/\/geniwatt.fr\/fr\/contact-3\/\">\n\t\t\t\t\t\t<span class=\"elementor-button-content-wrapper\">\n\t\t\t\t\t\t\t\t\t<span class=\"elementor-button-text\">Contacter GeniWatt<\/span>\n\t\t\t\t\t<\/span>\n\t\t\t\t\t<\/a>\n\t\t\t\t<\/div>\n\t\t\t\t\t\t\t\t<\/div>\n\t\t\t\t<\/div>\n\t\t\t\t\t<\/div>\n\t\t<\/div>\n\t\t\t\t\t<\/div>\n\t\t<\/section>\n\t\t\t\t<section class=\"elementor-section elementor-top-section elementor-element elementor-element-09c1819 elementor-section-boxed elementor-section-height-default elementor-section-height-default\" data-id=\"09c1819\" data-element_type=\"section\" data-e-type=\"section\">\n\t\t\t\t\t\t<div class=\"elementor-container elementor-column-gap-default\">\n\t\t\t\t\t<div class=\"elementor-column elementor-col-100 elementor-top-column elementor-element elementor-element-5441405\" data-id=\"5441405\" data-element_type=\"column\" data-e-type=\"column\">\n\t\t\t<div class=\"elementor-widget-wrap elementor-element-populated\">\n\t\t\t\t\t\t<div class=\"elementor-element elementor-element-dedf7f0 elementor-widget elementor-widget-spacer\" data-id=\"dedf7f0\" data-element_type=\"widget\" data-e-type=\"widget\" data-widget_type=\"spacer.default\">\n\t\t\t\t<div class=\"elementor-widget-container\">\n\t\t\t\t\t\t\t<div class=\"elementor-spacer\">\n\t\t\t<div class=\"elementor-spacer-inner\"><\/div>\n\t\t<\/div>\n\t\t\t\t\t\t<\/div>\n\t\t\t\t<\/div>\n\t\t\t\t\t<\/div>\n\t\t<\/div>\n\t\t\t\t\t<\/div>\n\t\t<\/section>\n\t\t\t\t<\/div>","protected":false},"excerpt":{"rendered":"<p>Protection of the power supply 24 hours a day, 365 days a year GeniWatt offers you in stock the complete range of FG Wilson automatic and<span class=\"excerpt-hellip\"> [\u2026]<\/span><\/p>\n","protected":false},"author":2,"featured_media":0,"parent":0,"menu_order":0,"comment_status":"closed","ping_status":"closed","template":"","meta":{"footnotes":""},"class_list":["post-1433","page","type-page","status-publish","hentry"],"yoast_head":"<!-- This site is optimized with the Yoast SEO plugin v27.4 - https:\/\/yoast.com\/product\/yoast-seo-wordpress\/ -->\n<title>ATS - GeniWatt - FG Wilson Dealer<\/title>\n<meta name=\"description\" content=\"GeniWatt offers you in stock the complete range of FG Wilson automatic and manual changeover panels (auto transfer switch).\" \/>\n<meta name=\"robots\" content=\"index, follow, max-snippet:-1, max-image-preview:large, max-video-preview:-1\" \/>\n<link rel=\"canonical\" href=\"https:\/\/geniwatt.fr\/fr\/inverseur-de-source-2\/\" \/>\n<meta property=\"og:locale\" content=\"fr_FR\" \/>\n<meta property=\"og:type\" content=\"article\" \/>\n<meta property=\"og:title\" content=\"ATS - GeniWatt - FG Wilson Dealer\" \/>\n<meta property=\"og:description\" content=\"GeniWatt offers you in stock the complete range of FG Wilson automatic and manual changeover panels (auto transfer switch).\" \/>\n<meta property=\"og:url\" content=\"https:\/\/geniwatt.fr\/fr\/inverseur-de-source-2\/\" \/>\n<meta property=\"og:site_name\" content=\"GeniWatt\" \/>\n<meta property=\"article:publisher\" content=\"https:\/\/www.facebook.com\/GeniWattFGWilson\" \/>\n<meta property=\"article:modified_time\" content=\"2025-02-06T15:12:03+00:00\" \/>\n<meta property=\"og:image\" content=\"https:\/\/geniwatt.fr\/wp-content\/uploads\/2021\/12\/ATI-Inverseur-de-source-2.png\" \/>\n<meta name=\"twitter:card\" content=\"summary_large_image\" \/>\n<meta name=\"twitter:label1\" content=\"Dur\u00e9e de lecture estim\u00e9e\" \/>\n\t<meta name=\"twitter:data1\" content=\"2 minutes\" \/>\n<script type=\"application\/ld+json\" class=\"yoast-schema-graph\">{\"@context\":\"https:\\\/\\\/schema.org\",\"@graph\":[{\"@type\":\"WebPage\",\"@id\":\"https:\\\/\\\/geniwatt.fr\\\/fr\\\/inverseur-de-source-2\\\/\",\"url\":\"https:\\\/\\\/geniwatt.fr\\\/fr\\\/inverseur-de-source-2\\\/\",\"name\":\"ATS - GeniWatt - FG Wilson Dealer\",\"isPartOf\":{\"@id\":\"https:\\\/\\\/geniwatt.fr\\\/fr\\\/#website\"},\"primaryImageOfPage\":{\"@id\":\"https:\\\/\\\/geniwatt.fr\\\/fr\\\/inverseur-de-source-2\\\/#primaryimage\"},\"image\":{\"@id\":\"https:\\\/\\\/geniwatt.fr\\\/fr\\\/inverseur-de-source-2\\\/#primaryimage\"},\"thumbnailUrl\":\"https:\\\/\\\/geniwatt.fr\\\/wp-content\\\/uploads\\\/2021\\\/12\\\/ATI-Inverseur-de-source-2.png\",\"datePublished\":\"2021-12-14T09:11:13+00:00\",\"dateModified\":\"2025-02-06T15:12:03+00:00\",\"description\":\"GeniWatt offers you in stock the complete range of FG Wilson automatic and manual changeover panels (auto transfer switch).\",\"breadcrumb\":{\"@id\":\"https:\\\/\\\/geniwatt.fr\\\/fr\\\/inverseur-de-source-2\\\/#breadcrumb\"},\"inLanguage\":\"fr-FR\",\"potentialAction\":[{\"@type\":\"ReadAction\",\"target\":[\"https:\\\/\\\/geniwatt.fr\\\/fr\\\/inverseur-de-source-2\\\/\"]}]},{\"@type\":\"ImageObject\",\"inLanguage\":\"fr-FR\",\"@id\":\"https:\\\/\\\/geniwatt.fr\\\/fr\\\/inverseur-de-source-2\\\/#primaryimage\",\"url\":\"https:\\\/\\\/geniwatt.fr\\\/wp-content\\\/uploads\\\/2021\\\/12\\\/ATI-Inverseur-de-source-2.png\",\"contentUrl\":\"https:\\\/\\\/geniwatt.fr\\\/wp-content\\\/uploads\\\/2021\\\/12\\\/ATI-Inverseur-de-source-2.png\"},{\"@type\":\"BreadcrumbList\",\"@id\":\"https:\\\/\\\/geniwatt.fr\\\/fr\\\/inverseur-de-source-2\\\/#breadcrumb\",\"itemListElement\":[{\"@type\":\"ListItem\",\"position\":1,\"name\":\"Accueil\",\"item\":\"https:\\\/\\\/geniwatt.fr\\\/fr\\\/?page_id=195\"},{\"@type\":\"ListItem\",\"position\":2,\"name\":\"ATS\"}]},{\"@type\":\"WebSite\",\"@id\":\"https:\\\/\\\/geniwatt.fr\\\/fr\\\/#website\",\"url\":\"https:\\\/\\\/geniwatt.fr\\\/fr\\\/\",\"name\":\"GeniWatt\",\"description\":\"\",\"publisher\":{\"@id\":\"https:\\\/\\\/geniwatt.fr\\\/fr\\\/#organization\"},\"potentialAction\":[{\"@type\":\"SearchAction\",\"target\":{\"@type\":\"EntryPoint\",\"urlTemplate\":\"https:\\\/\\\/geniwatt.fr\\\/fr\\\/?s={search_term_string}\"},\"query-input\":{\"@type\":\"PropertyValueSpecification\",\"valueRequired\":true,\"valueName\":\"search_term_string\"}}],\"inLanguage\":\"fr-FR\"},{\"@type\":\"Organization\",\"@id\":\"https:\\\/\\\/geniwatt.fr\\\/fr\\\/#organization\",\"name\":\"GeniWatt\",\"url\":\"https:\\\/\\\/geniwatt.fr\\\/fr\\\/\",\"logo\":{\"@type\":\"ImageObject\",\"inLanguage\":\"fr-FR\",\"@id\":\"https:\\\/\\\/geniwatt.fr\\\/fr\\\/#\\\/schema\\\/logo\\\/image\\\/\",\"url\":\"https:\\\/\\\/geniwatt.fr\\\/wp-content\\\/uploads\\\/2020\\\/02\\\/dskHY_coL5.jpeg\",\"contentUrl\":\"https:\\\/\\\/geniwatt.fr\\\/wp-content\\\/uploads\\\/2020\\\/02\\\/dskHY_coL5.jpeg\",\"width\":278,\"height\":70,\"caption\":\"GeniWatt\"},\"image\":{\"@id\":\"https:\\\/\\\/geniwatt.fr\\\/fr\\\/#\\\/schema\\\/logo\\\/image\\\/\"},\"sameAs\":[\"https:\\\/\\\/www.facebook.com\\\/GeniWattFGWilson\",\"https:\\\/\\\/www.linkedin.com\\\/company\\\/geniwatt\",\"https:\\\/\\\/www.youtube.com\\\/channel\\\/UCehrKAimYhPDfZ80TdFBwUA\"]}]}<\/script>\n<!-- \/ Yoast SEO plugin. -->","yoast_head_json":{"title":"Inverseurs de source - GeniWatt - Distributeur FG Wilson","description":"GeniWatt vous propose en stock la gamme compl\u00e8te d\u2019inverseurs de source automatique et manuel FG Wilson.","robots":{"index":"index","follow":"follow","max-snippet":"max-snippet:-1","max-image-preview":"max-image-preview:large","max-video-preview":"max-video-preview:-1"},"canonical":"https:\/\/geniwatt.fr\/fr\/inverseur-de-source-2\/","og_locale":"fr_FR","og_type":"article","og_title":"ATS - GeniWatt - FG Wilson Dealer","og_description":"GeniWatt offers you in stock the complete range of FG Wilson automatic and manual changeover panels (auto transfer switch).","og_url":"https:\/\/geniwatt.fr\/fr\/inverseur-de-source-2\/","og_site_name":"GeniWatt","article_publisher":"https:\/\/www.facebook.com\/GeniWattFGWilson","article_modified_time":"2025-02-06T15:12:03+00:00","og_image":[{"url":"https:\/\/geniwatt.fr\/wp-content\/uploads\/2021\/12\/ATI-Inverseur-de-source-2.png","type":"","width":"","height":""}],"twitter_card":"summary_large_image","twitter_misc":{"Dur\u00e9e de lecture estim\u00e9e":"2 minutes"},"schema":{"@context":"https:\/\/schema.org","@graph":[{"@type":"WebPage","@id":"https:\/\/geniwatt.fr\/fr\/inverseur-de-source-2\/","url":"https:\/\/geniwatt.fr\/fr\/inverseur-de-source-2\/","name":"Inverseurs de source - GeniWatt - Distributeur FG Wilson","isPartOf":{"@id":"https:\/\/geniwatt.fr\/fr\/#website"},"primaryImageOfPage":{"@id":"https:\/\/geniwatt.fr\/fr\/inverseur-de-source-2\/#primaryimage"},"image":{"@id":"https:\/\/geniwatt.fr\/fr\/inverseur-de-source-2\/#primaryimage"},"thumbnailUrl":"https:\/\/geniwatt.fr\/wp-content\/uploads\/2021\/12\/ATI-Inverseur-de-source-2.png","datePublished":"2021-12-14T09:11:13+00:00","dateModified":"2025-02-06T15:12:03+00:00","description":"GeniWatt vous propose en stock la gamme compl\u00e8te d\u2019inverseurs de source automatique et manuel FG Wilson.","breadcrumb":{"@id":"https:\/\/geniwatt.fr\/fr\/inverseur-de-source-2\/#breadcrumb"},"inLanguage":"fr-FR","potentialAction":[{"@type":"ReadAction","target":["https:\/\/geniwatt.fr\/fr\/inverseur-de-source-2\/"]}]},{"@type":"ImageObject","inLanguage":"fr-FR","@id":"https:\/\/geniwatt.fr\/fr\/inverseur-de-source-2\/#primaryimage","url":"https:\/\/geniwatt.fr\/wp-content\/uploads\/2021\/12\/ATI-Inverseur-de-source-2.png","contentUrl":"https:\/\/geniwatt.fr\/wp-content\/uploads\/2021\/12\/ATI-Inverseur-de-source-2.png"},{"@type":"BreadcrumbList","@id":"https:\/\/geniwatt.fr\/fr\/inverseur-de-source-2\/#breadcrumb","itemListElement":[{"@type":"ListItem","position":1,"name":"Accueil","item":"https:\/\/geniwatt.fr\/fr\/?page_id=195"},{"@type":"ListItem","position":2,"name":"ATS"}]},{"@type":"WebSite","@id":"https:\/\/geniwatt.fr\/fr\/#website","url":"https:\/\/geniwatt.fr\/fr\/","name":"GeniWatt","description":"","publisher":{"@id":"https:\/\/geniwatt.fr\/fr\/#organization"},"potentialAction":[{"@type":"SearchAction","target":{"@type":"EntryPoint","urlTemplate":"https:\/\/geniwatt.fr\/fr\/?s={search_term_string}"},"query-input":{"@type":"PropertyValueSpecification","valueRequired":true,"valueName":"search_term_string"}}],"inLanguage":"fr-FR"},{"@type":"Organization","@id":"https:\/\/geniwatt.fr\/fr\/#organization","name":"GeniWatt","url":"https:\/\/geniwatt.fr\/fr\/","logo":{"@type":"ImageObject","inLanguage":"fr-FR","@id":"https:\/\/geniwatt.fr\/fr\/#\/schema\/logo\/image\/","url":"https:\/\/geniwatt.fr\/wp-content\/uploads\/2020\/02\/dskHY_coL5.jpeg","contentUrl":"https:\/\/geniwatt.fr\/wp-content\/uploads\/2020\/02\/dskHY_coL5.jpeg","width":278,"height":70,"caption":"GeniWatt"},"image":{"@id":"https:\/\/geniwatt.fr\/fr\/#\/schema\/logo\/image\/"},"sameAs":["https:\/\/www.facebook.com\/GeniWattFGWilson","https:\/\/www.linkedin.com\/company\/geniwatt","https:\/\/www.youtube.com\/channel\/UCehrKAimYhPDfZ80TdFBwUA"]}]}},"_links":{"self":[{"href":"https:\/\/geniwatt.fr\/fr\/wp-json\/wp\/v2\/pages\/1433","targetHints":{"allow":["GET"]}}],"collection":[{"href":"https:\/\/geniwatt.fr\/fr\/wp-json\/wp\/v2\/pages"}],"about":[{"href":"https:\/\/geniwatt.fr\/fr\/wp-json\/wp\/v2\/types\/page"}],"author":[{"embeddable":true,"href":"https:\/\/geniwatt.fr\/fr\/wp-json\/wp\/v2\/users\/2"}],"replies":[{"embeddable":true,"href":"https:\/\/geniwatt.fr\/fr\/wp-json\/wp\/v2\/comments?post=1433"}],"version-history":[{"count":31,"href":"https:\/\/geniwatt.fr\/fr\/wp-json\/wp\/v2\/pages\/1433\/revisions"}],"predecessor-version":[{"id":2994,"href":"https:\/\/geniwatt.fr\/fr\/wp-json\/wp\/v2\/pages\/1433\/revisions\/2994"}],"wp:attachment":[{"href":"https:\/\/geniwatt.fr\/fr\/wp-json\/wp\/v2\/media?parent=1433"}],"curies":[{"name":"wp","href":"https:\/\/api.w.org\/{rel}","templated":true}]}}