{"id":1474,"date":"2021-12-14T16:54:16","date_gmt":"2021-12-14T15:54:16","guid":{"rendered":"https:\/\/geniwatt.fr\/?page_id=1474"},"modified":"2022-01-05T16:45:45","modified_gmt":"2022-01-05T15:45:45","slug":"personnalisation-2","status":"publish","type":"page","link":"https:\/\/geniwatt.fr\/fr\/customization\/","title":{"rendered":"Personnalisation"},"content":{"rendered":"<div data-elementor-type=\"wp-page\" data-elementor-id=\"1474\" class=\"elementor elementor-1474\">\n\t\t\t\t\t\t<section class=\"elementor-section elementor-top-section elementor-element elementor-element-a7ffffe elementor-section-boxed elementor-section-height-default elementor-section-height-default\" data-id=\"a7ffffe\" data-element_type=\"section\" data-e-type=\"section\" data-settings=\"{&quot;background_background&quot;:&quot;classic&quot;}\">\n\t\t\t\t\t\t\t<div class=\"elementor-background-overlay\"><\/div>\n\t\t\t\t\t\t\t<div class=\"elementor-container elementor-column-gap-default\">\n\t\t\t\t\t<div class=\"elementor-column elementor-col-50 elementor-top-column elementor-element elementor-element-2c70a6be\" data-id=\"2c70a6be\" data-element_type=\"column\" data-e-type=\"column\">\n\t\t\t<div class=\"elementor-widget-wrap elementor-element-populated\">\n\t\t\t\t\t\t<div class=\"elementor-element elementor-element-a9677bc elementor-widget elementor-widget-image\" data-id=\"a9677bc\" data-element_type=\"widget\" data-e-type=\"widget\" data-widget_type=\"image.default\">\n\t\t\t\t<div class=\"elementor-widget-container\">\n\t\t\t\t\t\t\t\t\t\t\t\t\t\t\t<img fetchpriority=\"high\" decoding=\"async\" width=\"1024\" height=\"683\" src=\"https:\/\/geniwatt.fr\/wp-content\/uploads\/2020\/12\/GeniWatt-Products-Modification-1-1024x683.jpg\" class=\"attachment-large size-large wp-image-624\" alt=\"Modification Personnalisation GeniWatt Groupe \u00e9lectrog\u00e8ne FG Wilson\" srcset=\"https:\/\/geniwatt.fr\/wp-content\/uploads\/2020\/12\/GeniWatt-Products-Modification-1-1024x683.jpg 1024w, https:\/\/geniwatt.fr\/wp-content\/uploads\/2020\/12\/GeniWatt-Products-Modification-1-scaled-800x533.jpg 800w, https:\/\/geniwatt.fr\/wp-content\/uploads\/2020\/12\/GeniWatt-Products-Modification-1-300x200.jpg 300w, https:\/\/geniwatt.fr\/wp-content\/uploads\/2020\/12\/GeniWatt-Products-Modification-1-768x512.jpg 768w, https:\/\/geniwatt.fr\/wp-content\/uploads\/2020\/12\/GeniWatt-Products-Modification-1-1536x1024.jpg 1536w, https:\/\/geniwatt.fr\/wp-content\/uploads\/2020\/12\/GeniWatt-Products-Modification-1-2048x1365.jpg 2048w, https:\/\/geniwatt.fr\/wp-content\/uploads\/2020\/12\/GeniWatt-Products-Modification-1-16x12.jpg 16w, https:\/\/geniwatt.fr\/wp-content\/uploads\/2020\/12\/GeniWatt-Products-Modification-1-219x146.jpg 219w, https:\/\/geniwatt.fr\/wp-content\/uploads\/2020\/12\/GeniWatt-Products-Modification-1-50x33.jpg 50w, https:\/\/geniwatt.fr\/wp-content\/uploads\/2020\/12\/GeniWatt-Products-Modification-1-113x75.jpg 113w, https:\/\/geniwatt.fr\/wp-content\/uploads\/2020\/12\/GeniWatt-Products-Modification-1-scaled-600x400.jpg 600w\" sizes=\"(max-width:767px) 480px, (max-width:1024px) 100vw, 1024px\" \/>\t\t\t\t\t\t\t\t\t\t\t\t\t\t\t<\/div>\n\t\t\t\t<\/div>\n\t\t\t\t\t<\/div>\n\t\t<\/div>\n\t\t\t\t<div class=\"elementor-column elementor-col-50 elementor-top-column elementor-element elementor-element-673cffd0\" data-id=\"673cffd0\" data-element_type=\"column\" data-e-type=\"column\">\n\t\t\t<div class=\"elementor-widget-wrap elementor-element-populated\">\n\t\t\t\t\t\t<div class=\"elementor-element elementor-element-64a75404 elementor-widget elementor-widget-text-editor\" data-id=\"64a75404\" data-element_type=\"widget\" data-e-type=\"widget\" data-widget_type=\"text-editor.default\">\n\t\t\t\t<div class=\"elementor-widget-container\">\n\t\t\t\t\t\t\t\t\t<p>Depuis le tout d\u00e9but, GeniWatt s\u2019est impliqu\u00e9 dans la modification et la personnalisation des groupes \u00e9lectrog\u00e8nes FG Wilson pour r\u00e9pondre aux besoins des clients.<\/p><p>Chez GeniWatt, nous pensons que cela offre le meilleur des deux mondes \u00e0 tout client :<\/p><p>- un produit de qualit\u00e9 sup\u00e9rieure venant d\u2019un des leaders mondial du secteur : FG Wilson<\/p><p>- combin\u00e9 \u00e0 notre expertise locale et notre capacit\u00e9 \u00e0 adapter n\u2019importe quel produit aux demandes exactes des clients.<\/p>\t\t\t\t\t\t\t\t<\/div>\n\t\t\t\t<\/div>\n\t\t\t\t\t<\/div>\n\t\t<\/div>\n\t\t\t\t\t<\/div>\n\t\t<\/section>\n\t\t\t\t<section class=\"elementor-section elementor-top-section elementor-element elementor-element-d50eb8d elementor-section-boxed elementor-section-height-default elementor-section-height-default\" data-id=\"d50eb8d\" data-element_type=\"section\" data-e-type=\"section\">\n\t\t\t\t\t\t<div class=\"elementor-container elementor-column-gap-default\">\n\t\t\t\t\t<div class=\"elementor-column elementor-col-100 elementor-top-column elementor-element elementor-element-c86732a\" data-id=\"c86732a\" data-element_type=\"column\" data-e-type=\"column\">\n\t\t\t<div class=\"elementor-widget-wrap elementor-element-populated\">\n\t\t\t\t\t\t<div class=\"elementor-element elementor-element-2b51ce1 elementor-widget elementor-widget-spacer\" data-id=\"2b51ce1\" data-element_type=\"widget\" data-e-type=\"widget\" data-widget_type=\"spacer.default\">\n\t\t\t\t<div class=\"elementor-widget-container\">\n\t\t\t\t\t\t\t<div class=\"elementor-spacer\">\n\t\t\t<div class=\"elementor-spacer-inner\"><\/div>\n\t\t<\/div>\n\t\t\t\t\t\t<\/div>\n\t\t\t\t<\/div>\n\t\t\t\t\t<\/div>\n\t\t<\/div>\n\t\t\t\t\t<\/div>\n\t\t<\/section>\n\t\t\t\t<section class=\"elementor-section elementor-top-section elementor-element elementor-element-53acddb0 elementor-section-content-middle elementor-section-boxed elementor-section-height-default elementor-section-height-default\" data-id=\"53acddb0\" data-element_type=\"section\" data-e-type=\"section\" data-settings=\"{&quot;background_background&quot;:&quot;classic&quot;}\">\n\t\t\t\t\t\t<div class=\"elementor-container elementor-column-gap-no\">\n\t\t\t\t\t<div class=\"elementor-column elementor-col-50 elementor-top-column elementor-element elementor-element-75b03aa2\" data-id=\"75b03aa2\" data-element_type=\"column\" data-e-type=\"column\" data-settings=\"{&quot;background_background&quot;:&quot;slideshow&quot;,&quot;background_slideshow_gallery&quot;:[],&quot;background_slideshow_loop&quot;:&quot;yes&quot;,&quot;background_slideshow_slide_duration&quot;:5000,&quot;background_slideshow_slide_transition&quot;:&quot;fade&quot;,&quot;background_slideshow_transition_duration&quot;:500}\">\n\t\t\t<div class=\"elementor-widget-wrap elementor-element-populated\">\n\t\t\t\t\t\t<div class=\"elementor-element elementor-element-d637a88 elementor-widget elementor-widget-image\" data-id=\"d637a88\" data-element_type=\"widget\" data-e-type=\"widget\" data-widget_type=\"image.default\">\n\t\t\t\t<div class=\"elementor-widget-container\">\n\t\t\t\t\t\t\t\t\t\t\t\t\t\t\t<img decoding=\"async\" width=\"1280\" height=\"1000\" data-src=\"https:\/\/geniwatt.fr\/wp-content\/uploads\/2021\/12\/GeniWatt-Personnalisation-1280x1000.jpg\" class=\"attachment-portfolio-mf size-portfolio-mf wp-image-1511 lazyload\" alt=\"\" data-srcset=\"https:\/\/geniwatt.fr\/wp-content\/uploads\/2021\/12\/GeniWatt-Personnalisation-1280x1000.jpg 1280w, https:\/\/geniwatt.fr\/wp-content\/uploads\/2021\/12\/GeniWatt-Personnalisation-300x234.jpg 300w, https:\/\/geniwatt.fr\/wp-content\/uploads\/2021\/12\/GeniWatt-Personnalisation-15x12.jpg 15w, https:\/\/geniwatt.fr\/wp-content\/uploads\/2021\/12\/GeniWatt-Personnalisation-187x146.jpg 187w, https:\/\/geniwatt.fr\/wp-content\/uploads\/2021\/12\/GeniWatt-Personnalisation-50x39.jpg 50w, https:\/\/geniwatt.fr\/wp-content\/uploads\/2021\/12\/GeniWatt-Personnalisation-96x75.jpg 96w\" data-sizes=\"(max-width:767px) 480px, (max-width:1280px) 100vw, 1280px\" src=\"data:image\/svg+xml;base64,PHN2ZyB3aWR0aD0iMSIgaGVpZ2h0PSIxIiB4bWxucz0iaHR0cDovL3d3dy53My5vcmcvMjAwMC9zdmciPjwvc3ZnPg==\" style=\"--smush-placeholder-width: 1280px; --smush-placeholder-aspect-ratio: 1280\/1000;\" \/>\t\t\t\t\t\t\t\t\t\t\t\t\t\t\t<\/div>\n\t\t\t\t<\/div>\n\t\t\t\t\t<\/div>\n\t\t<\/div>\n\t\t\t\t<div class=\"elementor-column elementor-col-50 elementor-top-column elementor-element elementor-element-289de355\" data-id=\"289de355\" data-element_type=\"column\" data-e-type=\"column\" data-settings=\"{&quot;background_background&quot;:&quot;classic&quot;}\">\n\t\t\t<div class=\"elementor-widget-wrap elementor-element-populated\">\n\t\t\t\t\t<div class=\"elementor-background-overlay\"><\/div>\n\t\t\t\t\t\t<div class=\"elementor-element elementor-element-1dd97c54 elementor-widget elementor-widget-text-editor\" data-id=\"1dd97c54\" data-element_type=\"widget\" data-e-type=\"widget\" data-widget_type=\"text-editor.default\">\n\t\t\t\t<div class=\"elementor-widget-container\">\n\t\t\t\t\t\t\t\t\t<p>GeniWatt a personnalis\u00e9 des groupes \u00e9lectrog\u00e8nes pour toutes les applications imaginables :<\/p>\t\t\t\t\t\t\t\t<\/div>\n\t\t\t\t<\/div>\n\t\t\t\t<div class=\"elementor-element elementor-element-2871e4e elementor-widget elementor-widget-text-editor\" data-id=\"2871e4e\" data-element_type=\"widget\" data-e-type=\"widget\" data-widget_type=\"text-editor.default\">\n\t\t\t\t<div class=\"elementor-widget-container\">\n\t\t\t\t\t\t\t\t\t<ul><li>Groupes \u00e9lectrog\u00e8nes au gaz<\/li><li>Groupes \u00e9lectrog\u00e8nes hybrides diesel-lithium ion<\/li><li>Groupes \u00e9lectrog\u00e8nes marins<\/li><li>Groupes \u00e9lectrog\u00e8nes mobiles mont\u00e9s sur remorque<\/li><li>Synchronisation de groupes \u00e9lectrog\u00e8nes<\/li><li>Location de groupe<\/li><li>Syst\u00e8me de contr\u00f4le NFE 37-312 r\u00e9pondant \u00e0 la norme fran\u00e7aise des groupes de s\u00e9curit\u00e9 avec modules de contr\u00f4le principal et de secours, syst\u00e8me d\u2019inhibition des s\u00e9curit\u00e9s, tableau de report des d\u00e9fauts batterie d\u2019automatisme et reprise de la charge en moins de 10 secondes<\/li><\/ul>\t\t\t\t\t\t\t\t<\/div>\n\t\t\t\t<\/div>\n\t\t\t\t<div class=\"elementor-element elementor-element-cc48a44 elementor-align-center elementor-widget elementor-widget-button\" data-id=\"cc48a44\" data-element_type=\"widget\" data-e-type=\"widget\" data-widget_type=\"button.default\">\n\t\t\t\t<div class=\"elementor-widget-container\">\n\t\t\t\t\t\t\t\t\t<div class=\"elementor-button-wrapper\">\n\t\t\t\t\t<a class=\"elementor-button elementor-button-link elementor-size-sm\" href=\"https:\/\/geniwatt.fr\/fr\/references\/\">\n\t\t\t\t\t\t<span class=\"elementor-button-content-wrapper\">\n\t\t\t\t\t\t\t\t\t<span class=\"elementor-button-text\">Consultez nos r\u00e9f\u00e9rences<\/span>\n\t\t\t\t\t<\/span>\n\t\t\t\t\t<\/a>\n\t\t\t\t<\/div>\n\t\t\t\t\t\t\t\t<\/div>\n\t\t\t\t<\/div>\n\t\t\t\t\t<\/div>\n\t\t<\/div>\n\t\t\t\t\t<\/div>\n\t\t<\/section>\n\t\t\t\t<section class=\"elementor-section elementor-top-section elementor-element elementor-element-060230f elementor-section-boxed elementor-section-height-default elementor-section-height-default\" data-id=\"060230f\" data-element_type=\"section\" data-e-type=\"section\">\n\t\t\t\t\t\t<div class=\"elementor-container elementor-column-gap-default\">\n\t\t\t\t\t<div class=\"elementor-column elementor-col-100 elementor-top-column elementor-element elementor-element-ffb5225\" data-id=\"ffb5225\" data-element_type=\"column\" data-e-type=\"column\">\n\t\t\t<div class=\"elementor-widget-wrap elementor-element-populated\">\n\t\t\t\t\t\t<div class=\"elementor-element elementor-element-9307e0d elementor-widget elementor-widget-spacer\" data-id=\"9307e0d\" data-element_type=\"widget\" data-e-type=\"widget\" data-widget_type=\"spacer.default\">\n\t\t\t\t<div class=\"elementor-widget-container\">\n\t\t\t\t\t\t\t<div class=\"elementor-spacer\">\n\t\t\t<div class=\"elementor-spacer-inner\"><\/div>\n\t\t<\/div>\n\t\t\t\t\t\t<\/div>\n\t\t\t\t<\/div>\n\t\t\t\t\t<\/div>\n\t\t<\/div>\n\t\t\t\t\t<\/div>\n\t\t<\/section>\n\t\t\t\t<section class=\"elementor-section elementor-top-section elementor-element elementor-element-390d869f elementor-section-boxed elementor-section-height-default elementor-section-height-default\" data-id=\"390d869f\" data-element_type=\"section\" data-e-type=\"section\" data-settings=\"{&quot;background_background&quot;:&quot;classic&quot;}\">\n\t\t\t\t\t\t\t<div class=\"elementor-background-overlay\"><\/div>\n\t\t\t\t\t\t\t<div class=\"elementor-container elementor-column-gap-default\">\n\t\t\t\t\t<div class=\"elementor-column elementor-col-100 elementor-top-column elementor-element elementor-element-1b3d74a8\" data-id=\"1b3d74a8\" data-element_type=\"column\" data-e-type=\"column\">\n\t\t\t<div class=\"elementor-widget-wrap elementor-element-populated\">\n\t\t\t\t\t\t<div class=\"elementor-element elementor-element-16f04791 elementor-widget elementor-widget-heading\" data-id=\"16f04791\" data-element_type=\"widget\" data-e-type=\"widget\" data-widget_type=\"heading.default\">\n\t\t\t\t<div class=\"elementor-widget-container\">\n\t\t\t\t\t<h3 class=\"elementor-heading-title elementor-size-large\">NOTRE \u00c9QUIPE SE TIENT \u00c0 VOTRE DISPOSITION<\/h3>\t\t\t\t<\/div>\n\t\t\t\t<\/div>\n\t\t\t\t<div class=\"elementor-element elementor-element-224249c0 elementor-widget elementor-widget-text-editor\" data-id=\"224249c0\" data-element_type=\"widget\" data-e-type=\"widget\" data-widget_type=\"text-editor.default\">\n\t\t\t\t<div class=\"elementor-widget-container\">\n\t\t\t\t\t\t\t\t\t<h4 style=\"font-style: normal; font-variant-ligatures: normal; font-variant-caps: normal; font-size: 19px; letter-spacing: normal; text-align: center; background-color: #fcfcfc;\">N\u2019h\u00e9sitez pas \u00e0 nous solliciter ici si vous avez besoin d\u2019information ou d\u2019un devis.<\/h4>\t\t\t\t\t\t\t\t<\/div>\n\t\t\t\t<\/div>\n\t\t\t\t<div class=\"elementor-element elementor-element-363f0d48 elementor-align-center elementor-widget elementor-widget-button\" data-id=\"363f0d48\" data-element_type=\"widget\" data-e-type=\"widget\" data-widget_type=\"button.default\">\n\t\t\t\t<div class=\"elementor-widget-container\">\n\t\t\t\t\t\t\t\t\t<div class=\"elementor-button-wrapper\">\n\t\t\t\t\t<a class=\"elementor-button elementor-button-link elementor-size-sm\" href=\"https:\/\/geniwatt.fr\/fr\/contact-3\/\">\n\t\t\t\t\t\t<span class=\"elementor-button-content-wrapper\">\n\t\t\t\t\t\t\t\t\t<span class=\"elementor-button-text\">Contacter GeniWatt<\/span>\n\t\t\t\t\t<\/span>\n\t\t\t\t\t<\/a>\n\t\t\t\t<\/div>\n\t\t\t\t\t\t\t\t<\/div>\n\t\t\t\t<\/div>\n\t\t\t\t\t<\/div>\n\t\t<\/div>\n\t\t\t\t\t<\/div>\n\t\t<\/section>\n\t\t\t\t<section class=\"elementor-section elementor-top-section elementor-element elementor-element-d391be2 elementor-section-boxed elementor-section-height-default elementor-section-height-default\" data-id=\"d391be2\" data-element_type=\"section\" data-e-type=\"section\">\n\t\t\t\t\t\t<div class=\"elementor-container elementor-column-gap-default\">\n\t\t\t\t\t<div class=\"elementor-column elementor-col-100 elementor-top-column elementor-element elementor-element-3dfd21e\" data-id=\"3dfd21e\" data-element_type=\"column\" data-e-type=\"column\">\n\t\t\t<div class=\"elementor-widget-wrap elementor-element-populated\">\n\t\t\t\t\t\t<div class=\"elementor-element elementor-element-1f20dfe elementor-widget elementor-widget-spacer\" data-id=\"1f20dfe\" data-element_type=\"widget\" data-e-type=\"widget\" data-widget_type=\"spacer.default\">\n\t\t\t\t<div class=\"elementor-widget-container\">\n\t\t\t\t\t\t\t<div class=\"elementor-spacer\">\n\t\t\t<div class=\"elementor-spacer-inner\"><\/div>\n\t\t<\/div>\n\t\t\t\t\t\t<\/div>\n\t\t\t\t<\/div>\n\t\t\t\t\t<\/div>\n\t\t<\/div>\n\t\t\t\t\t<\/div>\n\t\t<\/section>\n\t\t\t\t<\/div>","protected":false},"excerpt":{"rendered":"<p>Since the very start, GeniWatt has been involved in the modification and customization of FG Wilson generating sets to meet local client needs. Here at GeniWatt,<span class=\"excerpt-hellip\"> [\u2026]<\/span><\/p>\n","protected":false},"author":2,"featured_media":0,"parent":0,"menu_order":0,"comment_status":"closed","ping_status":"closed","template":"","meta":{"footnotes":""},"class_list":["post-1474","page","type-page","status-publish","hentry"],"yoast_head":"<!-- This site is optimized with the Yoast SEO plugin v27.4 - https:\/\/yoast.com\/product\/yoast-seo-wordpress\/ -->\n<title>Customization - GeniWatt - FG Wilson Dealer<\/title>\n<meta name=\"robots\" content=\"index, follow, max-snippet:-1, max-image-preview:large, max-video-preview:-1\" \/>\n<link rel=\"canonical\" href=\"https:\/\/geniwatt.fr\/fr\/personnalisation-2\/\" \/>\n<meta property=\"og:locale\" content=\"fr_FR\" \/>\n<meta property=\"og:type\" content=\"article\" \/>\n<meta property=\"og:title\" content=\"Customization - GeniWatt - FG Wilson Dealer\" \/>\n<meta property=\"og:description\" content=\"Since the very start, GeniWatt has been involved in the modification and customization of FG Wilson generating sets to meet local client needs. Here at GeniWatt, [\u2026]\" \/>\n<meta property=\"og:url\" content=\"https:\/\/geniwatt.fr\/fr\/personnalisation-2\/\" \/>\n<meta property=\"og:site_name\" content=\"GeniWatt\" \/>\n<meta property=\"article:publisher\" content=\"https:\/\/www.facebook.com\/GeniWattFGWilson\" \/>\n<meta property=\"article:modified_time\" content=\"2022-01-05T15:45:45+00:00\" \/>\n<meta property=\"og:image\" content=\"https:\/\/geniwatt.fr\/wp-content\/uploads\/2020\/12\/GeniWatt-Products-Modification-1-1024x683.jpg\" \/>\n<meta name=\"twitter:card\" content=\"summary_large_image\" \/>\n<meta name=\"twitter:label1\" content=\"Dur\u00e9e de lecture estim\u00e9e\" \/>\n\t<meta name=\"twitter:data1\" content=\"1 minute\" \/>\n<script type=\"application\/ld+json\" class=\"yoast-schema-graph\">{\"@context\":\"https:\\\/\\\/schema.org\",\"@graph\":[{\"@type\":\"WebPage\",\"@id\":\"https:\\\/\\\/geniwatt.fr\\\/en\\\/customization\\\/\",\"url\":\"https:\\\/\\\/geniwatt.fr\\\/en\\\/customization\\\/\",\"name\":\"Customization - GeniWatt - FG Wilson Dealer\",\"isPartOf\":{\"@id\":\"https:\\\/\\\/geniwatt.fr\\\/fr\\\/#website\"},\"primaryImageOfPage\":{\"@id\":\"https:\\\/\\\/geniwatt.fr\\\/en\\\/customization\\\/#primaryimage\"},\"image\":{\"@id\":\"https:\\\/\\\/geniwatt.fr\\\/en\\\/customization\\\/#primaryimage\"},\"thumbnailUrl\":\"https:\\\/\\\/geniwatt.fr\\\/wp-content\\\/uploads\\\/2020\\\/12\\\/GeniWatt-Products-Modification-1-1024x683.jpg\",\"datePublished\":\"2021-12-14T15:54:16+00:00\",\"dateModified\":\"2022-01-05T15:45:45+00:00\",\"breadcrumb\":{\"@id\":\"https:\\\/\\\/geniwatt.fr\\\/en\\\/customization\\\/#breadcrumb\"},\"inLanguage\":\"fr-FR\",\"potentialAction\":[{\"@type\":\"ReadAction\",\"target\":[\"https:\\\/\\\/geniwatt.fr\\\/en\\\/customization\\\/\"]}]},{\"@type\":\"ImageObject\",\"inLanguage\":\"fr-FR\",\"@id\":\"https:\\\/\\\/geniwatt.fr\\\/en\\\/customization\\\/#primaryimage\",\"url\":\"https:\\\/\\\/geniwatt.fr\\\/wp-content\\\/uploads\\\/2020\\\/12\\\/GeniWatt-Products-Modification-1-1024x683.jpg\",\"contentUrl\":\"https:\\\/\\\/geniwatt.fr\\\/wp-content\\\/uploads\\\/2020\\\/12\\\/GeniWatt-Products-Modification-1-1024x683.jpg\"},{\"@type\":\"BreadcrumbList\",\"@id\":\"https:\\\/\\\/geniwatt.fr\\\/en\\\/customization\\\/#breadcrumb\",\"itemListElement\":[{\"@type\":\"ListItem\",\"position\":1,\"name\":\"Accueil\",\"item\":\"https:\\\/\\\/geniwatt.fr\\\/fr\\\/?page_id=195\"},{\"@type\":\"ListItem\",\"position\":2,\"name\":\"Customization\"}]},{\"@type\":\"WebSite\",\"@id\":\"https:\\\/\\\/geniwatt.fr\\\/fr\\\/#website\",\"url\":\"https:\\\/\\\/geniwatt.fr\\\/fr\\\/\",\"name\":\"GeniWatt\",\"description\":\"\",\"publisher\":{\"@id\":\"https:\\\/\\\/geniwatt.fr\\\/fr\\\/#organization\"},\"potentialAction\":[{\"@type\":\"SearchAction\",\"target\":{\"@type\":\"EntryPoint\",\"urlTemplate\":\"https:\\\/\\\/geniwatt.fr\\\/fr\\\/?s={search_term_string}\"},\"query-input\":{\"@type\":\"PropertyValueSpecification\",\"valueRequired\":true,\"valueName\":\"search_term_string\"}}],\"inLanguage\":\"fr-FR\"},{\"@type\":\"Organization\",\"@id\":\"https:\\\/\\\/geniwatt.fr\\\/fr\\\/#organization\",\"name\":\"GeniWatt\",\"url\":\"https:\\\/\\\/geniwatt.fr\\\/fr\\\/\",\"logo\":{\"@type\":\"ImageObject\",\"inLanguage\":\"fr-FR\",\"@id\":\"https:\\\/\\\/geniwatt.fr\\\/fr\\\/#\\\/schema\\\/logo\\\/image\\\/\",\"url\":\"https:\\\/\\\/geniwatt.fr\\\/wp-content\\\/uploads\\\/2020\\\/02\\\/dskHY_coL5.jpeg\",\"contentUrl\":\"https:\\\/\\\/geniwatt.fr\\\/wp-content\\\/uploads\\\/2020\\\/02\\\/dskHY_coL5.jpeg\",\"width\":278,\"height\":70,\"caption\":\"GeniWatt\"},\"image\":{\"@id\":\"https:\\\/\\\/geniwatt.fr\\\/fr\\\/#\\\/schema\\\/logo\\\/image\\\/\"},\"sameAs\":[\"https:\\\/\\\/www.facebook.com\\\/GeniWattFGWilson\",\"https:\\\/\\\/www.linkedin.com\\\/company\\\/geniwatt\",\"https:\\\/\\\/www.youtube.com\\\/channel\\\/UCehrKAimYhPDfZ80TdFBwUA\"]}]}<\/script>\n<!-- \/ Yoast SEO plugin. -->","yoast_head_json":{"title":"Personnalisation - GeniWatt - Distributeur FG Wilson","robots":{"index":"index","follow":"follow","max-snippet":"max-snippet:-1","max-image-preview":"max-image-preview:large","max-video-preview":"max-video-preview:-1"},"canonical":"https:\/\/geniwatt.fr\/fr\/personnalisation-2\/","og_locale":"fr_FR","og_type":"article","og_title":"Customization - GeniWatt - FG Wilson Dealer","og_description":"Since the very start, GeniWatt has been involved in the modification and customization of FG Wilson generating sets to meet local client needs. Here at GeniWatt, [\u2026]","og_url":"https:\/\/geniwatt.fr\/fr\/personnalisation-2\/","og_site_name":"GeniWatt","article_publisher":"https:\/\/www.facebook.com\/GeniWattFGWilson","article_modified_time":"2022-01-05T15:45:45+00:00","og_image":[{"url":"https:\/\/geniwatt.fr\/wp-content\/uploads\/2020\/12\/GeniWatt-Products-Modification-1-1024x683.jpg","type":"","width":"","height":""}],"twitter_card":"summary_large_image","twitter_misc":{"Dur\u00e9e de lecture estim\u00e9e":"1 minute"},"schema":{"@context":"https:\/\/schema.org","@graph":[{"@type":"WebPage","@id":"https:\/\/geniwatt.fr\/en\/customization\/","url":"https:\/\/geniwatt.fr\/en\/customization\/","name":"Personnalisation - GeniWatt - Distributeur FG Wilson","isPartOf":{"@id":"https:\/\/geniwatt.fr\/fr\/#website"},"primaryImageOfPage":{"@id":"https:\/\/geniwatt.fr\/en\/customization\/#primaryimage"},"image":{"@id":"https:\/\/geniwatt.fr\/en\/customization\/#primaryimage"},"thumbnailUrl":"https:\/\/geniwatt.fr\/wp-content\/uploads\/2020\/12\/GeniWatt-Products-Modification-1-1024x683.jpg","datePublished":"2021-12-14T15:54:16+00:00","dateModified":"2022-01-05T15:45:45+00:00","breadcrumb":{"@id":"https:\/\/geniwatt.fr\/en\/customization\/#breadcrumb"},"inLanguage":"fr-FR","potentialAction":[{"@type":"ReadAction","target":["https:\/\/geniwatt.fr\/en\/customization\/"]}]},{"@type":"ImageObject","inLanguage":"fr-FR","@id":"https:\/\/geniwatt.fr\/en\/customization\/#primaryimage","url":"https:\/\/geniwatt.fr\/wp-content\/uploads\/2020\/12\/GeniWatt-Products-Modification-1-1024x683.jpg","contentUrl":"https:\/\/geniwatt.fr\/wp-content\/uploads\/2020\/12\/GeniWatt-Products-Modification-1-1024x683.jpg"},{"@type":"BreadcrumbList","@id":"https:\/\/geniwatt.fr\/en\/customization\/#breadcrumb","itemListElement":[{"@type":"ListItem","position":1,"name":"Accueil","item":"https:\/\/geniwatt.fr\/fr\/?page_id=195"},{"@type":"ListItem","position":2,"name":"Customization"}]},{"@type":"WebSite","@id":"https:\/\/geniwatt.fr\/fr\/#website","url":"https:\/\/geniwatt.fr\/fr\/","name":"GeniWatt","description":"","publisher":{"@id":"https:\/\/geniwatt.fr\/fr\/#organization"},"potentialAction":[{"@type":"SearchAction","target":{"@type":"EntryPoint","urlTemplate":"https:\/\/geniwatt.fr\/fr\/?s={search_term_string}"},"query-input":{"@type":"PropertyValueSpecification","valueRequired":true,"valueName":"search_term_string"}}],"inLanguage":"fr-FR"},{"@type":"Organization","@id":"https:\/\/geniwatt.fr\/fr\/#organization","name":"GeniWatt","url":"https:\/\/geniwatt.fr\/fr\/","logo":{"@type":"ImageObject","inLanguage":"fr-FR","@id":"https:\/\/geniwatt.fr\/fr\/#\/schema\/logo\/image\/","url":"https:\/\/geniwatt.fr\/wp-content\/uploads\/2020\/02\/dskHY_coL5.jpeg","contentUrl":"https:\/\/geniwatt.fr\/wp-content\/uploads\/2020\/02\/dskHY_coL5.jpeg","width":278,"height":70,"caption":"GeniWatt"},"image":{"@id":"https:\/\/geniwatt.fr\/fr\/#\/schema\/logo\/image\/"},"sameAs":["https:\/\/www.facebook.com\/GeniWattFGWilson","https:\/\/www.linkedin.com\/company\/geniwatt","https:\/\/www.youtube.com\/channel\/UCehrKAimYhPDfZ80TdFBwUA"]}]}},"_links":{"self":[{"href":"https:\/\/geniwatt.fr\/fr\/wp-json\/wp\/v2\/pages\/1474","targetHints":{"allow":["GET"]}}],"collection":[{"href":"https:\/\/geniwatt.fr\/fr\/wp-json\/wp\/v2\/pages"}],"about":[{"href":"https:\/\/geniwatt.fr\/fr\/wp-json\/wp\/v2\/types\/page"}],"author":[{"embeddable":true,"href":"https:\/\/geniwatt.fr\/fr\/wp-json\/wp\/v2\/users\/2"}],"replies":[{"embeddable":true,"href":"https:\/\/geniwatt.fr\/fr\/wp-json\/wp\/v2\/comments?post=1474"}],"version-history":[{"count":15,"href":"https:\/\/geniwatt.fr\/fr\/wp-json\/wp\/v2\/pages\/1474\/revisions"}],"predecessor-version":[{"id":1663,"href":"https:\/\/geniwatt.fr\/fr\/wp-json\/wp\/v2\/pages\/1474\/revisions\/1663"}],"wp:attachment":[{"href":"https:\/\/geniwatt.fr\/fr\/wp-json\/wp\/v2\/media?parent=1474"}],"curies":[{"name":"wp","href":"https:\/\/api.w.org\/{rel}","templated":true}]}}