{"id":1640,"date":"2022-01-05T15:39:10","date_gmt":"2022-01-05T14:39:10","guid":{"rendered":"https:\/\/geniwatt.fr\/?page_id=1640"},"modified":"2022-01-05T16:24:26","modified_gmt":"2022-01-05T15:24:26","slug":"contact-3","status":"publish","type":"page","link":"https:\/\/geniwatt.fr\/fr\/contact-2\/","title":{"rendered":"Contact"},"content":{"rendered":"<p>Our Location<\/p>\n<p>13, rue du Bois Fleuri<\/p>\n<p>44118 La Chevroli\u00e8re<\/p>\n<p>France<\/p>\n<p>Contact Us<\/p>\n<p>Phone: <a href=\"http:\/\/tel33 (0)2 51 19 13 13\" data-wplink-url-error=\"true\">+33 (0)2 51 19 13 13<\/a><\/p>\n<p>Email: <a href=\"mailto:contact@geniwatt.fr\">contact@geniwatt.fr<\/a><\/p>\n<p>Our Hours<\/p>\n<p>MON-FRI 08:00 &#8211; 18:00<\/p>\n<p>SAT-SUN Closed<\/p>\n<p>Follow Us<br \/>\n<a href=\"https:\/\/www.linkedin.com\/company\/geniwatt\/\" target=\"_blank\" rel=\"noopener\"><br \/>\nLinkedin<br \/>\n<\/a><br \/>\n<a href=\"https:\/\/www.facebook.com\/GeniWattFGWilson\" target=\"_blank\" rel=\"noopener\"><br \/>\nFacebook-f<br \/>\n<\/a><br \/>\n<a href=\"https:\/\/www.youtube.com\/channel\/UCehrKAimYhPDfZ80TdFBwUA\" target=\"_blank\" rel=\"noopener\"><br \/>\nYoutube<br \/>\n<\/a><br \/>\n<iframe frameborder=\"0\" scrolling=\"no\" marginheight=\"0\" marginwidth=\"0\" data-src=\"https:\/\/maps.google.com\/maps?q=GeniWatt&amp;t=m&amp;z=17&amp;output=embed&amp;iwloc=near\" title=\"GeniWatt\" aria-label=\"GeniWatt\" src=\"data:image\/svg+xml;base64,PHN2ZyB3aWR0aD0iMSIgaGVpZ2h0PSIxIiB4bWxucz0iaHR0cDovL3d3dy53My5vcmcvMjAwMC9zdmciPjwvc3ZnPg==\" class=\"lazyload\" data-load-mode=\"1\"><\/iframe><\/p>\n<h2>Contact Form<\/h2>\n\n<div class=\"wpcf7 no-js\" id=\"wpcf7-f84-o1\" lang=\"en-US\" dir=\"ltr\" data-wpcf7-id=\"84\">\n<div class=\"screen-reader-response\"><p role=\"status\" aria-live=\"polite\" aria-atomic=\"true\"><\/p> <ul><\/ul><\/div>\n<form action=\"\/fr\/wp-json\/wp\/v2\/pages\/1640#wpcf7-f84-o1\" method=\"post\" class=\"wpcf7-form init\" aria-label=\"Contact form\" novalidate=\"novalidate\" data-status=\"init\">\n<fieldset class=\"hidden-fields-container\"><input type=\"hidden\" name=\"_wpcf7\" value=\"84\" \/><input type=\"hidden\" name=\"_wpcf7_version\" value=\"6.1.5\" \/><input type=\"hidden\" name=\"_wpcf7_locale\" value=\"en_US\" \/><input type=\"hidden\" name=\"_wpcf7_unit_tag\" value=\"wpcf7-f84-o1\" \/><input type=\"hidden\" name=\"_wpcf7_container_post\" value=\"0\" \/><input type=\"hidden\" name=\"_wpcf7_posted_data_hash\" value=\"\" \/><input type=\"hidden\" name=\"_wpcf7_recaptcha_response\" value=\"\" \/>\n<\/fieldset>\n<p><label> Company<br \/>\n<span class=\"wpcf7-form-control-wrap\" data-name=\"your-company\"><input size=\"40\" maxlength=\"400\" class=\"wpcf7-form-control wpcf7-text wpcf7-validates-as-required\" aria-required=\"true\" aria-invalid=\"false\" value=\"\" type=\"text\" name=\"your-company\" \/><\/span> <\/label>\n<\/p>\n<p><label> Name<br \/>\n<span class=\"wpcf7-form-control-wrap\" data-name=\"your-name\"><input size=\"40\" maxlength=\"400\" class=\"wpcf7-form-control wpcf7-text wpcf7-validates-as-required\" aria-required=\"true\" aria-invalid=\"false\" value=\"\" type=\"text\" name=\"your-name\" \/><\/span> <\/label>\n<\/p>\n<p><label>Email<br \/>\n<span class=\"wpcf7-form-control-wrap\" data-name=\"your-email\"><input size=\"40\" maxlength=\"400\" class=\"wpcf7-form-control wpcf7-email wpcf7-validates-as-required wpcf7-text wpcf7-validates-as-email\" aria-required=\"true\" aria-invalid=\"false\" value=\"\" type=\"email\" name=\"your-email\" \/><\/span> <\/label>\n<\/p>\n<p><label> Subject<br \/>\n<span class=\"wpcf7-form-control-wrap\" data-name=\"your-subject\"><input size=\"40\" maxlength=\"400\" class=\"wpcf7-form-control wpcf7-text\" aria-invalid=\"false\" value=\"\" type=\"text\" name=\"your-subject\" \/><\/span> <\/label>\n<\/p>\n<p><label> Your Message<br \/>\n<span class=\"wpcf7-form-control-wrap\" data-name=\"your-message\"><textarea cols=\"40\" rows=\"10\" maxlength=\"2000\" class=\"wpcf7-form-control wpcf7-textarea\" aria-invalid=\"false\" name=\"your-message\"><\/textarea><\/span> <\/label>\n<\/p>\n<p><input class=\"wpcf7-form-control wpcf7-submit has-spinner\" type=\"submit\" value=\"Send\" \/>\n<\/p><p style=\"display: none !important;\" class=\"akismet-fields-container\" data-prefix=\"_wpcf7_ak_\"><label>&#916;<textarea name=\"_wpcf7_ak_hp_textarea\" cols=\"45\" rows=\"8\" maxlength=\"100\"><\/textarea><\/label><input type=\"hidden\" id=\"ak_js_1\" name=\"_wpcf7_ak_js\" value=\"169\"\/><script type=\"text\/javascript\">\n\/* <![CDATA[ *\/\ndocument.getElementById( \"ak_js_1\" ).setAttribute( \"value\", ( new Date() ).getTime() );\n\/* ]]> *\/\n<\/script>\n<\/p><div class=\"wpcf7-response-output\" aria-hidden=\"true\"><\/div>\n<\/form>\n<\/div>\n\n","protected":false},"excerpt":{"rendered":"<p>Our Location 13, rue du Bois Fleuri 44118 La Chevroli\u00e8re France Contact Us Phone: +33 (0)2 51 19 13 13 Email: contact@geniwatt.fr Our Hours MON-FRI 08:00<span class=\"excerpt-hellip\"> [\u2026]<\/span><\/p>\n","protected":false},"author":2,"featured_media":0,"parent":0,"menu_order":0,"comment_status":"closed","ping_status":"closed","template":"","meta":{"footnotes":""},"class_list":["post-1640","page","type-page","status-publish","hentry"],"yoast_head":"<!-- This site is optimized with the Yoast SEO plugin v27.4 - https:\/\/yoast.com\/product\/yoast-seo-wordpress\/ -->\n<title>Contact - GeniWatt - FG Wilson Dealer<\/title>\n<meta name=\"description\" content=\"GeniWatt is an authorised FG Wilson dealer. We support you throughout the life cycle of your genset. From pre-sales advice to maintenance and repair, we support you with our expertise in diesel and hybrid generating sets, our distribution of genuine spare parts and our service capacities.\" \/>\n<meta name=\"robots\" content=\"index, follow, max-snippet:-1, max-image-preview:large, max-video-preview:-1\" \/>\n<link rel=\"canonical\" href=\"https:\/\/geniwatt.fr\/fr\/contact-3\/\" \/>\n<meta property=\"og:locale\" content=\"fr_FR\" \/>\n<meta property=\"og:type\" content=\"article\" \/>\n<meta property=\"og:title\" content=\"Contact - GeniWatt - FG Wilson Dealer\" \/>\n<meta property=\"og:description\" content=\"GeniWatt is an authorised FG Wilson dealer. We support you throughout the life cycle of your genset. From pre-sales advice to maintenance and repair, we support you with our expertise in diesel and hybrid generating sets, our distribution of genuine spare parts and our service capacities.\" \/>\n<meta property=\"og:url\" content=\"https:\/\/geniwatt.fr\/fr\/contact-3\/\" \/>\n<meta property=\"og:site_name\" content=\"GeniWatt\" \/>\n<meta property=\"article:publisher\" content=\"https:\/\/www.facebook.com\/GeniWattFGWilson\" \/>\n<meta property=\"article:modified_time\" content=\"2022-01-05T15:24:26+00:00\" \/>\n<meta name=\"twitter:card\" content=\"summary_large_image\" \/>\n<meta name=\"twitter:label1\" content=\"Dur\u00e9e de lecture estim\u00e9e\" \/>\n\t<meta name=\"twitter:data1\" content=\"1 minute\" \/>\n<script type=\"application\/ld+json\" class=\"yoast-schema-graph\">{\"@context\":\"https:\\\/\\\/schema.org\",\"@graph\":[{\"@type\":\"WebPage\",\"@id\":\"https:\\\/\\\/geniwatt.fr\\\/en\\\/contact-2\\\/\",\"url\":\"https:\\\/\\\/geniwatt.fr\\\/en\\\/contact-2\\\/\",\"name\":\"Contact - GeniWatt - FG Wilson Dealer\",\"isPartOf\":{\"@id\":\"https:\\\/\\\/geniwatt.fr\\\/fr\\\/#website\"},\"datePublished\":\"2022-01-05T14:39:10+00:00\",\"dateModified\":\"2022-01-05T15:24:26+00:00\",\"description\":\"GeniWatt is an authorised FG Wilson dealer. We support you throughout the life cycle of your genset. From pre-sales advice to maintenance and repair, we support you with our expertise in diesel and hybrid generating sets, our distribution of genuine spare parts and our service capacities.\",\"breadcrumb\":{\"@id\":\"https:\\\/\\\/geniwatt.fr\\\/en\\\/contact-2\\\/#breadcrumb\"},\"inLanguage\":\"fr-FR\",\"potentialAction\":[{\"@type\":\"ReadAction\",\"target\":[\"https:\\\/\\\/geniwatt.fr\\\/en\\\/contact-2\\\/\"]}]},{\"@type\":\"BreadcrumbList\",\"@id\":\"https:\\\/\\\/geniwatt.fr\\\/en\\\/contact-2\\\/#breadcrumb\",\"itemListElement\":[{\"@type\":\"ListItem\",\"position\":1,\"name\":\"Accueil\",\"item\":\"https:\\\/\\\/geniwatt.fr\\\/fr\\\/?page_id=195\"},{\"@type\":\"ListItem\",\"position\":2,\"name\":\"Contact\"}]},{\"@type\":\"WebSite\",\"@id\":\"https:\\\/\\\/geniwatt.fr\\\/fr\\\/#website\",\"url\":\"https:\\\/\\\/geniwatt.fr\\\/fr\\\/\",\"name\":\"GeniWatt\",\"description\":\"\",\"publisher\":{\"@id\":\"https:\\\/\\\/geniwatt.fr\\\/fr\\\/#organization\"},\"potentialAction\":[{\"@type\":\"SearchAction\",\"target\":{\"@type\":\"EntryPoint\",\"urlTemplate\":\"https:\\\/\\\/geniwatt.fr\\\/fr\\\/?s={search_term_string}\"},\"query-input\":{\"@type\":\"PropertyValueSpecification\",\"valueRequired\":true,\"valueName\":\"search_term_string\"}}],\"inLanguage\":\"fr-FR\"},{\"@type\":\"Organization\",\"@id\":\"https:\\\/\\\/geniwatt.fr\\\/fr\\\/#organization\",\"name\":\"GeniWatt\",\"url\":\"https:\\\/\\\/geniwatt.fr\\\/fr\\\/\",\"logo\":{\"@type\":\"ImageObject\",\"inLanguage\":\"fr-FR\",\"@id\":\"https:\\\/\\\/geniwatt.fr\\\/fr\\\/#\\\/schema\\\/logo\\\/image\\\/\",\"url\":\"https:\\\/\\\/geniwatt.fr\\\/wp-content\\\/uploads\\\/2020\\\/02\\\/dskHY_coL5.jpeg\",\"contentUrl\":\"https:\\\/\\\/geniwatt.fr\\\/wp-content\\\/uploads\\\/2020\\\/02\\\/dskHY_coL5.jpeg\",\"width\":278,\"height\":70,\"caption\":\"GeniWatt\"},\"image\":{\"@id\":\"https:\\\/\\\/geniwatt.fr\\\/fr\\\/#\\\/schema\\\/logo\\\/image\\\/\"},\"sameAs\":[\"https:\\\/\\\/www.facebook.com\\\/GeniWattFGWilson\",\"https:\\\/\\\/www.linkedin.com\\\/company\\\/geniwatt\",\"https:\\\/\\\/www.youtube.com\\\/channel\\\/UCehrKAimYhPDfZ80TdFBwUA\"]}]}<\/script>\n<!-- \/ Yoast SEO plugin. -->","yoast_head_json":{"title":"Contact - GeniWatt - FG Wilson","description":"GeniWatt est un distributeur officiel FG Wilson. Pour l\u2019achat d\u2019un groupe \u00e9lectrog\u00e8ne, nous vous accompagnons tout au long du cycle de vie de votre produit. Du conseil en-avant vente \u00e0 la maintenance et r\u00e9paration, nous vous assistons gr\u00e2ce \u00e0 nos comp\u00e9tences en g\u00e9n\u00e9rateurs diesel et hybride, \u00e0 la distribution de pi\u00e8ces d\u00e9tach\u00e9es d\u2019origine et \u00e0 nos connaissances en services.","robots":{"index":"index","follow":"follow","max-snippet":"max-snippet:-1","max-image-preview":"max-image-preview:large","max-video-preview":"max-video-preview:-1"},"canonical":"https:\/\/geniwatt.fr\/fr\/contact-3\/","og_locale":"fr_FR","og_type":"article","og_title":"Contact - GeniWatt - FG Wilson Dealer","og_description":"GeniWatt is an authorised FG Wilson dealer. We support you throughout the life cycle of your genset. From pre-sales advice to maintenance and repair, we support you with our expertise in diesel and hybrid generating sets, our distribution of genuine spare parts and our service capacities.","og_url":"https:\/\/geniwatt.fr\/fr\/contact-3\/","og_site_name":"GeniWatt","article_publisher":"https:\/\/www.facebook.com\/GeniWattFGWilson","article_modified_time":"2022-01-05T15:24:26+00:00","twitter_card":"summary_large_image","twitter_misc":{"Dur\u00e9e de lecture estim\u00e9e":"1 minute"},"schema":{"@context":"https:\/\/schema.org","@graph":[{"@type":"WebPage","@id":"https:\/\/geniwatt.fr\/en\/contact-2\/","url":"https:\/\/geniwatt.fr\/en\/contact-2\/","name":"Contact - GeniWatt - FG Wilson","isPartOf":{"@id":"https:\/\/geniwatt.fr\/fr\/#website"},"datePublished":"2022-01-05T14:39:10+00:00","dateModified":"2022-01-05T15:24:26+00:00","description":"GeniWatt est un distributeur officiel FG Wilson. Pour l\u2019achat d\u2019un groupe \u00e9lectrog\u00e8ne, nous vous accompagnons tout au long du cycle de vie de votre produit. Du conseil en-avant vente \u00e0 la maintenance et r\u00e9paration, nous vous assistons gr\u00e2ce \u00e0 nos comp\u00e9tences en g\u00e9n\u00e9rateurs diesel et hybride, \u00e0 la distribution de pi\u00e8ces d\u00e9tach\u00e9es d\u2019origine et \u00e0 nos connaissances en services.","breadcrumb":{"@id":"https:\/\/geniwatt.fr\/en\/contact-2\/#breadcrumb"},"inLanguage":"fr-FR","potentialAction":[{"@type":"ReadAction","target":["https:\/\/geniwatt.fr\/en\/contact-2\/"]}]},{"@type":"BreadcrumbList","@id":"https:\/\/geniwatt.fr\/en\/contact-2\/#breadcrumb","itemListElement":[{"@type":"ListItem","position":1,"name":"Accueil","item":"https:\/\/geniwatt.fr\/fr\/?page_id=195"},{"@type":"ListItem","position":2,"name":"Contact"}]},{"@type":"WebSite","@id":"https:\/\/geniwatt.fr\/fr\/#website","url":"https:\/\/geniwatt.fr\/fr\/","name":"GeniWatt","description":"","publisher":{"@id":"https:\/\/geniwatt.fr\/fr\/#organization"},"potentialAction":[{"@type":"SearchAction","target":{"@type":"EntryPoint","urlTemplate":"https:\/\/geniwatt.fr\/fr\/?s={search_term_string}"},"query-input":{"@type":"PropertyValueSpecification","valueRequired":true,"valueName":"search_term_string"}}],"inLanguage":"fr-FR"},{"@type":"Organization","@id":"https:\/\/geniwatt.fr\/fr\/#organization","name":"GeniWatt","url":"https:\/\/geniwatt.fr\/fr\/","logo":{"@type":"ImageObject","inLanguage":"fr-FR","@id":"https:\/\/geniwatt.fr\/fr\/#\/schema\/logo\/image\/","url":"https:\/\/geniwatt.fr\/wp-content\/uploads\/2020\/02\/dskHY_coL5.jpeg","contentUrl":"https:\/\/geniwatt.fr\/wp-content\/uploads\/2020\/02\/dskHY_coL5.jpeg","width":278,"height":70,"caption":"GeniWatt"},"image":{"@id":"https:\/\/geniwatt.fr\/fr\/#\/schema\/logo\/image\/"},"sameAs":["https:\/\/www.facebook.com\/GeniWattFGWilson","https:\/\/www.linkedin.com\/company\/geniwatt","https:\/\/www.youtube.com\/channel\/UCehrKAimYhPDfZ80TdFBwUA"]}]}},"_links":{"self":[{"href":"https:\/\/geniwatt.fr\/fr\/wp-json\/wp\/v2\/pages\/1640","targetHints":{"allow":["GET"]}}],"collection":[{"href":"https:\/\/geniwatt.fr\/fr\/wp-json\/wp\/v2\/pages"}],"about":[{"href":"https:\/\/geniwatt.fr\/fr\/wp-json\/wp\/v2\/types\/page"}],"author":[{"embeddable":true,"href":"https:\/\/geniwatt.fr\/fr\/wp-json\/wp\/v2\/users\/2"}],"replies":[{"embeddable":true,"href":"https:\/\/geniwatt.fr\/fr\/wp-json\/wp\/v2\/comments?post=1640"}],"version-history":[{"count":14,"href":"https:\/\/geniwatt.fr\/fr\/wp-json\/wp\/v2\/pages\/1640\/revisions"}],"predecessor-version":[{"id":1657,"href":"https:\/\/geniwatt.fr\/fr\/wp-json\/wp\/v2\/pages\/1640\/revisions\/1657"}],"wp:attachment":[{"href":"https:\/\/geniwatt.fr\/fr\/wp-json\/wp\/v2\/media?parent=1640"}],"curies":[{"name":"wp","href":"https:\/\/api.w.org\/{rel}","templated":true}]}}