{"id":1774,"date":"2022-01-26T12:20:55","date_gmt":"2022-01-26T11:20:55","guid":{"rendered":"https:\/\/geniwatt.fr\/?page_id=1774"},"modified":"2022-01-26T12:26:27","modified_gmt":"2022-01-26T11:26:27","slug":"depannage-maintenance-2","status":"publish","type":"page","link":"https:\/\/geniwatt.fr\/fr\/repair-maintenance\/","title":{"rendered":"D\u00e9pannage &amp; Maintenance"},"content":{"rendered":"<div data-elementor-type=\"wp-page\" data-elementor-id=\"1774\" class=\"elementor elementor-1774\">\n\t\t\t\t\t\t<section class=\"elementor-section elementor-top-section elementor-element elementor-element-49e76fa2 elementor-section-boxed elementor-section-height-default elementor-section-height-default\" data-id=\"49e76fa2\" data-element_type=\"section\" data-e-type=\"section\" data-settings=\"{&quot;background_background&quot;:&quot;classic&quot;}\">\n\t\t\t\t\t\t\t<div class=\"elementor-background-overlay\"><\/div>\n\t\t\t\t\t\t\t<div class=\"elementor-container elementor-column-gap-default\">\n\t\t\t\t\t<div class=\"elementor-column elementor-col-50 elementor-top-column elementor-element elementor-element-13c689cf\" data-id=\"13c689cf\" data-element_type=\"column\" data-e-type=\"column\">\n\t\t\t<div class=\"elementor-widget-wrap elementor-element-populated\">\n\t\t\t\t\t\t<div class=\"elementor-element elementor-element-156df66 elementor-widget elementor-widget-image\" data-id=\"156df66\" data-element_type=\"widget\" data-e-type=\"widget\" data-widget_type=\"image.default\">\n\t\t\t\t<div class=\"elementor-widget-container\">\n\t\t\t\t\t\t\t\t\t\t\t\t\t\t\t<img fetchpriority=\"high\" decoding=\"async\" width=\"1024\" height=\"768\" src=\"https:\/\/geniwatt.fr\/wp-content\/uploads\/2020\/12\/GeniWatt-Service-Repair-min-1024x768.jpg\" class=\"attachment-large size-large wp-image-723\" alt=\"Services R\u00e9paration D\u00e9pannage GeniWatt Groupe \u00e9lectrog\u00e8ne FG Wilson\" srcset=\"https:\/\/geniwatt.fr\/wp-content\/uploads\/2020\/12\/GeniWatt-Service-Repair-min-1024x768.jpg 1024w, https:\/\/geniwatt.fr\/wp-content\/uploads\/2020\/12\/GeniWatt-Service-Repair-min-800x600.jpg 800w, https:\/\/geniwatt.fr\/wp-content\/uploads\/2020\/12\/GeniWatt-Service-Repair-min-300x225.jpg 300w, https:\/\/geniwatt.fr\/wp-content\/uploads\/2020\/12\/GeniWatt-Service-Repair-min-768x576.jpg 768w, https:\/\/geniwatt.fr\/wp-content\/uploads\/2020\/12\/GeniWatt-Service-Repair-min-16x12.jpg 16w, https:\/\/geniwatt.fr\/wp-content\/uploads\/2020\/12\/GeniWatt-Service-Repair-min-195x146.jpg 195w, https:\/\/geniwatt.fr\/wp-content\/uploads\/2020\/12\/GeniWatt-Service-Repair-min-50x38.jpg 50w, https:\/\/geniwatt.fr\/wp-content\/uploads\/2020\/12\/GeniWatt-Service-Repair-min-100x75.jpg 100w, https:\/\/geniwatt.fr\/wp-content\/uploads\/2020\/12\/GeniWatt-Service-Repair-min-480x360.jpg 480w, https:\/\/geniwatt.fr\/wp-content\/uploads\/2020\/12\/GeniWatt-Service-Repair-min-600x450.jpg 600w, https:\/\/geniwatt.fr\/wp-content\/uploads\/2020\/12\/GeniWatt-Service-Repair-min.jpg 1280w\" sizes=\"(max-width:767px) 480px, (max-width:1024px) 100vw, 1024px\" \/>\t\t\t\t\t\t\t\t\t\t\t\t\t\t\t<\/div>\n\t\t\t\t<\/div>\n\t\t\t\t\t<\/div>\n\t\t<\/div>\n\t\t\t\t<div class=\"elementor-column elementor-col-50 elementor-top-column elementor-element elementor-element-132a5571\" data-id=\"132a5571\" data-element_type=\"column\" data-e-type=\"column\">\n\t\t\t<div class=\"elementor-widget-wrap elementor-element-populated\">\n\t\t\t\t\t\t<div class=\"elementor-element elementor-element-5d4241d0 elementor-widget elementor-widget-heading\" data-id=\"5d4241d0\" data-element_type=\"widget\" data-e-type=\"widget\" data-widget_type=\"heading.default\">\n\t\t\t\t<div class=\"elementor-widget-container\">\n\t\t\t\t\t<h2 class=\"elementor-heading-title elementor-size-large\">Nous proposons des contrats de maintenance pour toutes les marques de groupes \u00e9lectrog\u00e8nes, dont les groupes \u00e9lectrog\u00e8nes FG Wilson ou Perkins.<\/h2>\t\t\t\t<\/div>\n\t\t\t\t<\/div>\n\t\t\t\t<div class=\"elementor-element elementor-element-2963ef2b elementor-widget elementor-widget-text-editor\" data-id=\"2963ef2b\" data-element_type=\"widget\" data-e-type=\"widget\" data-widget_type=\"text-editor.default\">\n\t\t\t\t<div class=\"elementor-widget-container\">\n\t\t\t\t\t\t\t\t\t<p>GeniWatt r\u00e9unit une \u00e9quipe d\u00e9di\u00e9e de <b>techniciens form\u00e9s et \u00e9quip\u00e9s <\/b>pour fournir le meilleur support possible pour votre groupe \u00e9lectrog\u00e8ne.<\/p><p>GeniWatt s'implique fortement dans la formation aux m\u00e9tiers de son activit\u00e9. Elle dispose d'un centre de formation agr\u00e9\u00e9, <b>certifi\u00e9 Perkins<\/b>.<\/p>\t\t\t\t\t\t\t\t<\/div>\n\t\t\t\t<\/div>\n\t\t\t\t\t<\/div>\n\t\t<\/div>\n\t\t\t\t\t<\/div>\n\t\t<\/section>\n\t\t\t\t<section class=\"elementor-section elementor-top-section elementor-element elementor-element-cfea69d elementor-section-boxed elementor-section-height-default elementor-section-height-default\" data-id=\"cfea69d\" data-element_type=\"section\" data-e-type=\"section\">\n\t\t\t\t\t\t<div class=\"elementor-container elementor-column-gap-default\">\n\t\t\t\t\t<div class=\"elementor-column elementor-col-100 elementor-top-column elementor-element elementor-element-f969475\" data-id=\"f969475\" data-element_type=\"column\" data-e-type=\"column\">\n\t\t\t<div class=\"elementor-widget-wrap elementor-element-populated\">\n\t\t\t\t\t\t<div class=\"elementor-element elementor-element-5e89820 elementor-widget elementor-widget-spacer\" data-id=\"5e89820\" data-element_type=\"widget\" data-e-type=\"widget\" data-widget_type=\"spacer.default\">\n\t\t\t\t<div class=\"elementor-widget-container\">\n\t\t\t\t\t\t\t<div class=\"elementor-spacer\">\n\t\t\t<div class=\"elementor-spacer-inner\"><\/div>\n\t\t<\/div>\n\t\t\t\t\t\t<\/div>\n\t\t\t\t<\/div>\n\t\t\t\t\t<\/div>\n\t\t<\/div>\n\t\t\t\t\t<\/div>\n\t\t<\/section>\n\t\t\t\t<section class=\"elementor-section elementor-top-section elementor-element elementor-element-fcef3d3 elementor-section-content-middle elementor-section-boxed elementor-section-height-default elementor-section-height-default\" data-id=\"fcef3d3\" data-element_type=\"section\" data-e-type=\"section\" data-settings=\"{&quot;background_background&quot;:&quot;classic&quot;}\">\n\t\t\t\t\t\t<div class=\"elementor-container elementor-column-gap-no\">\n\t\t\t\t\t<div class=\"elementor-column elementor-col-50 elementor-top-column elementor-element elementor-element-2159f214\" data-id=\"2159f214\" data-element_type=\"column\" data-e-type=\"column\" data-settings=\"{&quot;background_background&quot;:&quot;slideshow&quot;,&quot;background_slideshow_gallery&quot;:[],&quot;background_slideshow_loop&quot;:&quot;yes&quot;,&quot;background_slideshow_slide_duration&quot;:5000,&quot;background_slideshow_slide_transition&quot;:&quot;fade&quot;,&quot;background_slideshow_transition_duration&quot;:500}\">\n\t\t\t<div class=\"elementor-widget-wrap elementor-element-populated\">\n\t\t\t\t\t\t<div class=\"elementor-element elementor-element-17ab937 elementor-widget elementor-widget-image\" data-id=\"17ab937\" data-element_type=\"widget\" data-e-type=\"widget\" data-widget_type=\"image.default\">\n\t\t\t\t<div class=\"elementor-widget-container\">\n\t\t\t\t\t\t\t\t\t\t\t\t\t\t\t<img decoding=\"async\" width=\"480\" height=\"360\" data-src=\"https:\/\/geniwatt.fr\/wp-content\/uploads\/2022\/01\/GeniWatt-Service-Repair-Blue-scaled-e1643196210610-480x360.jpg\" class=\"attachment-blog-portfolio size-blog-portfolio wp-image-1776 lazyload\" alt=\"\" data-srcset=\"https:\/\/geniwatt.fr\/wp-content\/uploads\/2022\/01\/GeniWatt-Service-Repair-Blue-scaled-e1643196210610-480x360.jpg 480w, https:\/\/geniwatt.fr\/wp-content\/uploads\/2022\/01\/GeniWatt-Service-Repair-Blue-scaled-e1643196210610-15x12.jpg 15w\" data-sizes=\"(max-width:767px) 480px, 480px\" src=\"data:image\/svg+xml;base64,PHN2ZyB3aWR0aD0iMSIgaGVpZ2h0PSIxIiB4bWxucz0iaHR0cDovL3d3dy53My5vcmcvMjAwMC9zdmciPjwvc3ZnPg==\" style=\"--smush-placeholder-width: 480px; --smush-placeholder-aspect-ratio: 480\/360;\" \/>\t\t\t\t\t\t\t\t\t\t\t\t\t\t\t<\/div>\n\t\t\t\t<\/div>\n\t\t\t\t\t<\/div>\n\t\t<\/div>\n\t\t\t\t<div class=\"elementor-column elementor-col-50 elementor-top-column elementor-element elementor-element-55199d58\" data-id=\"55199d58\" data-element_type=\"column\" data-e-type=\"column\" data-settings=\"{&quot;background_background&quot;:&quot;classic&quot;}\">\n\t\t\t<div class=\"elementor-widget-wrap elementor-element-populated\">\n\t\t\t\t\t<div class=\"elementor-background-overlay\"><\/div>\n\t\t\t\t\t\t<div class=\"elementor-element elementor-element-1370f95d elementor-widget elementor-widget-text-editor\" data-id=\"1370f95d\" data-element_type=\"widget\" data-e-type=\"widget\" data-widget_type=\"text-editor.default\">\n\t\t\t\t<div class=\"elementor-widget-container\">\n\t\t\t\t\t\t\t\t\t<p>Nos techniciens itin\u00e9rants ont un v\u00e9hicule d\u2019intervention \u00e9quip\u00e9 en camion atelier avec des outils de diagnostic : ordinateur portable, logiciel de configuration des tableaux de commande, module de communication, etc.<\/p><p>GeniWatt vous propose d\u2019intervenir pour diff\u00e9rents type de demande :<\/p><p>- Contrat de maintenance<\/p><p>- Hotline<\/p><p>- R\u00e9paration inverseur de source<\/p><p>- R\u00e9paration d\u2019alternateur<\/p><p>- R\u00e9paration moteur diesel<\/p><p>- Remplacement, mise \u00e0 jour d\u2019automate de contr\u00f4le commande<\/p><p>- Remplacement contacteur et disjoncteur de puissance<\/p>\t\t\t\t\t\t\t\t<\/div>\n\t\t\t\t<\/div>\n\t\t\t\t\t<\/div>\n\t\t<\/div>\n\t\t\t\t\t<\/div>\n\t\t<\/section>\n\t\t\t\t<section class=\"elementor-section elementor-top-section elementor-element elementor-element-d776109 elementor-section-boxed elementor-section-height-default elementor-section-height-default\" data-id=\"d776109\" data-element_type=\"section\" data-e-type=\"section\">\n\t\t\t\t\t\t<div class=\"elementor-container elementor-column-gap-default\">\n\t\t\t\t\t<div class=\"elementor-column elementor-col-100 elementor-top-column elementor-element elementor-element-efbe3d6\" data-id=\"efbe3d6\" data-element_type=\"column\" data-e-type=\"column\">\n\t\t\t<div class=\"elementor-widget-wrap elementor-element-populated\">\n\t\t\t\t\t\t<div class=\"elementor-element elementor-element-342d0e1 elementor-widget elementor-widget-spacer\" data-id=\"342d0e1\" data-element_type=\"widget\" data-e-type=\"widget\" data-widget_type=\"spacer.default\">\n\t\t\t\t<div class=\"elementor-widget-container\">\n\t\t\t\t\t\t\t<div class=\"elementor-spacer\">\n\t\t\t<div class=\"elementor-spacer-inner\"><\/div>\n\t\t<\/div>\n\t\t\t\t\t\t<\/div>\n\t\t\t\t<\/div>\n\t\t\t\t\t<\/div>\n\t\t<\/div>\n\t\t\t\t\t<\/div>\n\t\t<\/section>\n\t\t\t\t<\/div>","protected":false},"excerpt":{"rendered":"<p>We provide maintenance contracts for all brands of gensets \u2013not only for FG Wilson or Perkins power sets. GeniWatt has a dedicated team of professionally trained<span class=\"excerpt-hellip\"> [\u2026]<\/span><\/p>\n","protected":false},"author":2,"featured_media":0,"parent":0,"menu_order":0,"comment_status":"closed","ping_status":"closed","template":"","meta":{"footnotes":""},"class_list":["post-1774","page","type-page","status-publish","hentry"],"yoast_head":"<!-- This site is optimized with the Yoast SEO plugin v27.4 - https:\/\/yoast.com\/product\/yoast-seo-wordpress\/ -->\n<title>Repair &amp; Maintenance - GeniWatt - FG Wilson Dealer<\/title>\n<meta name=\"robots\" content=\"index, follow, max-snippet:-1, max-image-preview:large, max-video-preview:-1\" \/>\n<link rel=\"canonical\" href=\"https:\/\/geniwatt.fr\/fr\/depannage-maintenance-2\/\" \/>\n<meta property=\"og:locale\" content=\"fr_FR\" \/>\n<meta property=\"og:type\" content=\"article\" \/>\n<meta property=\"og:title\" content=\"Repair &amp; Maintenance - GeniWatt - FG Wilson Dealer\" \/>\n<meta property=\"og:description\" content=\"We provide maintenance contracts for all brands of gensets \u2013not only for FG Wilson or Perkins power sets. GeniWatt has a dedicated team of professionally trained [\u2026]\" \/>\n<meta property=\"og:url\" content=\"https:\/\/geniwatt.fr\/fr\/depannage-maintenance-2\/\" \/>\n<meta property=\"og:site_name\" content=\"GeniWatt\" \/>\n<meta property=\"article:publisher\" content=\"https:\/\/www.facebook.com\/GeniWattFGWilson\" \/>\n<meta property=\"article:modified_time\" content=\"2022-01-26T11:26:27+00:00\" \/>\n<meta property=\"og:image\" content=\"https:\/\/geniwatt.fr\/wp-content\/uploads\/2020\/12\/GeniWatt-Service-Repair-min-1024x768.jpg\" \/>\n<meta name=\"twitter:card\" content=\"summary_large_image\" \/>\n<meta name=\"twitter:label1\" content=\"Dur\u00e9e de lecture estim\u00e9e\" \/>\n\t<meta name=\"twitter:data1\" content=\"1 minute\" \/>\n<script type=\"application\/ld+json\" class=\"yoast-schema-graph\">{\"@context\":\"https:\\\/\\\/schema.org\",\"@graph\":[{\"@type\":\"WebPage\",\"@id\":\"https:\\\/\\\/geniwatt.fr\\\/en\\\/repair-maintenance\\\/\",\"url\":\"https:\\\/\\\/geniwatt.fr\\\/en\\\/repair-maintenance\\\/\",\"name\":\"Repair & Maintenance - GeniWatt - FG Wilson Dealer\",\"isPartOf\":{\"@id\":\"https:\\\/\\\/geniwatt.fr\\\/fr\\\/#website\"},\"primaryImageOfPage\":{\"@id\":\"https:\\\/\\\/geniwatt.fr\\\/en\\\/repair-maintenance\\\/#primaryimage\"},\"image\":{\"@id\":\"https:\\\/\\\/geniwatt.fr\\\/en\\\/repair-maintenance\\\/#primaryimage\"},\"thumbnailUrl\":\"https:\\\/\\\/geniwatt.fr\\\/wp-content\\\/uploads\\\/2020\\\/12\\\/GeniWatt-Service-Repair-min-1024x768.jpg\",\"datePublished\":\"2022-01-26T11:20:55+00:00\",\"dateModified\":\"2022-01-26T11:26:27+00:00\",\"breadcrumb\":{\"@id\":\"https:\\\/\\\/geniwatt.fr\\\/en\\\/repair-maintenance\\\/#breadcrumb\"},\"inLanguage\":\"fr-FR\",\"potentialAction\":[{\"@type\":\"ReadAction\",\"target\":[\"https:\\\/\\\/geniwatt.fr\\\/en\\\/repair-maintenance\\\/\"]}]},{\"@type\":\"ImageObject\",\"inLanguage\":\"fr-FR\",\"@id\":\"https:\\\/\\\/geniwatt.fr\\\/en\\\/repair-maintenance\\\/#primaryimage\",\"url\":\"https:\\\/\\\/geniwatt.fr\\\/wp-content\\\/uploads\\\/2020\\\/12\\\/GeniWatt-Service-Repair-min-1024x768.jpg\",\"contentUrl\":\"https:\\\/\\\/geniwatt.fr\\\/wp-content\\\/uploads\\\/2020\\\/12\\\/GeniWatt-Service-Repair-min-1024x768.jpg\"},{\"@type\":\"BreadcrumbList\",\"@id\":\"https:\\\/\\\/geniwatt.fr\\\/en\\\/repair-maintenance\\\/#breadcrumb\",\"itemListElement\":[{\"@type\":\"ListItem\",\"position\":1,\"name\":\"Accueil\",\"item\":\"https:\\\/\\\/geniwatt.fr\\\/fr\\\/?page_id=195\"},{\"@type\":\"ListItem\",\"position\":2,\"name\":\"Repair &#038; Maintenance\"}]},{\"@type\":\"WebSite\",\"@id\":\"https:\\\/\\\/geniwatt.fr\\\/fr\\\/#website\",\"url\":\"https:\\\/\\\/geniwatt.fr\\\/fr\\\/\",\"name\":\"GeniWatt\",\"description\":\"\",\"publisher\":{\"@id\":\"https:\\\/\\\/geniwatt.fr\\\/fr\\\/#organization\"},\"potentialAction\":[{\"@type\":\"SearchAction\",\"target\":{\"@type\":\"EntryPoint\",\"urlTemplate\":\"https:\\\/\\\/geniwatt.fr\\\/fr\\\/?s={search_term_string}\"},\"query-input\":{\"@type\":\"PropertyValueSpecification\",\"valueRequired\":true,\"valueName\":\"search_term_string\"}}],\"inLanguage\":\"fr-FR\"},{\"@type\":\"Organization\",\"@id\":\"https:\\\/\\\/geniwatt.fr\\\/fr\\\/#organization\",\"name\":\"GeniWatt\",\"url\":\"https:\\\/\\\/geniwatt.fr\\\/fr\\\/\",\"logo\":{\"@type\":\"ImageObject\",\"inLanguage\":\"fr-FR\",\"@id\":\"https:\\\/\\\/geniwatt.fr\\\/fr\\\/#\\\/schema\\\/logo\\\/image\\\/\",\"url\":\"https:\\\/\\\/geniwatt.fr\\\/wp-content\\\/uploads\\\/2020\\\/02\\\/dskHY_coL5.jpeg\",\"contentUrl\":\"https:\\\/\\\/geniwatt.fr\\\/wp-content\\\/uploads\\\/2020\\\/02\\\/dskHY_coL5.jpeg\",\"width\":278,\"height\":70,\"caption\":\"GeniWatt\"},\"image\":{\"@id\":\"https:\\\/\\\/geniwatt.fr\\\/fr\\\/#\\\/schema\\\/logo\\\/image\\\/\"},\"sameAs\":[\"https:\\\/\\\/www.facebook.com\\\/GeniWattFGWilson\",\"https:\\\/\\\/www.linkedin.com\\\/company\\\/geniwatt\",\"https:\\\/\\\/www.youtube.com\\\/channel\\\/UCehrKAimYhPDfZ80TdFBwUA\"]}]}<\/script>\n<!-- \/ Yoast SEO plugin. -->","yoast_head_json":{"title":"D\u00e9pannage &amp; Maintenance - GeniWatt - Distributeur FG Wilson - Groupes \u00e9lectrog\u00e8nes","robots":{"index":"index","follow":"follow","max-snippet":"max-snippet:-1","max-image-preview":"max-image-preview:large","max-video-preview":"max-video-preview:-1"},"canonical":"https:\/\/geniwatt.fr\/fr\/depannage-maintenance-2\/","og_locale":"fr_FR","og_type":"article","og_title":"Repair & Maintenance - GeniWatt - FG Wilson Dealer","og_description":"We provide maintenance contracts for all brands of gensets \u2013not only for FG Wilson or Perkins power sets. GeniWatt has a dedicated team of professionally trained [\u2026]","og_url":"https:\/\/geniwatt.fr\/fr\/depannage-maintenance-2\/","og_site_name":"GeniWatt","article_publisher":"https:\/\/www.facebook.com\/GeniWattFGWilson","article_modified_time":"2022-01-26T11:26:27+00:00","og_image":[{"url":"https:\/\/geniwatt.fr\/wp-content\/uploads\/2020\/12\/GeniWatt-Service-Repair-min-1024x768.jpg","type":"","width":"","height":""}],"twitter_card":"summary_large_image","twitter_misc":{"Dur\u00e9e de lecture estim\u00e9e":"1 minute"},"schema":{"@context":"https:\/\/schema.org","@graph":[{"@type":"WebPage","@id":"https:\/\/geniwatt.fr\/en\/repair-maintenance\/","url":"https:\/\/geniwatt.fr\/en\/repair-maintenance\/","name":"D\u00e9pannage &amp; Maintenance - GeniWatt - Distributeur FG Wilson - Groupes \u00e9lectrog\u00e8nes","isPartOf":{"@id":"https:\/\/geniwatt.fr\/fr\/#website"},"primaryImageOfPage":{"@id":"https:\/\/geniwatt.fr\/en\/repair-maintenance\/#primaryimage"},"image":{"@id":"https:\/\/geniwatt.fr\/en\/repair-maintenance\/#primaryimage"},"thumbnailUrl":"https:\/\/geniwatt.fr\/wp-content\/uploads\/2020\/12\/GeniWatt-Service-Repair-min-1024x768.jpg","datePublished":"2022-01-26T11:20:55+00:00","dateModified":"2022-01-26T11:26:27+00:00","breadcrumb":{"@id":"https:\/\/geniwatt.fr\/en\/repair-maintenance\/#breadcrumb"},"inLanguage":"fr-FR","potentialAction":[{"@type":"ReadAction","target":["https:\/\/geniwatt.fr\/en\/repair-maintenance\/"]}]},{"@type":"ImageObject","inLanguage":"fr-FR","@id":"https:\/\/geniwatt.fr\/en\/repair-maintenance\/#primaryimage","url":"https:\/\/geniwatt.fr\/wp-content\/uploads\/2020\/12\/GeniWatt-Service-Repair-min-1024x768.jpg","contentUrl":"https:\/\/geniwatt.fr\/wp-content\/uploads\/2020\/12\/GeniWatt-Service-Repair-min-1024x768.jpg"},{"@type":"BreadcrumbList","@id":"https:\/\/geniwatt.fr\/en\/repair-maintenance\/#breadcrumb","itemListElement":[{"@type":"ListItem","position":1,"name":"Accueil","item":"https:\/\/geniwatt.fr\/fr\/?page_id=195"},{"@type":"ListItem","position":2,"name":"Repair &#038; Maintenance"}]},{"@type":"WebSite","@id":"https:\/\/geniwatt.fr\/fr\/#website","url":"https:\/\/geniwatt.fr\/fr\/","name":"GeniWatt","description":"","publisher":{"@id":"https:\/\/geniwatt.fr\/fr\/#organization"},"potentialAction":[{"@type":"SearchAction","target":{"@type":"EntryPoint","urlTemplate":"https:\/\/geniwatt.fr\/fr\/?s={search_term_string}"},"query-input":{"@type":"PropertyValueSpecification","valueRequired":true,"valueName":"search_term_string"}}],"inLanguage":"fr-FR"},{"@type":"Organization","@id":"https:\/\/geniwatt.fr\/fr\/#organization","name":"GeniWatt","url":"https:\/\/geniwatt.fr\/fr\/","logo":{"@type":"ImageObject","inLanguage":"fr-FR","@id":"https:\/\/geniwatt.fr\/fr\/#\/schema\/logo\/image\/","url":"https:\/\/geniwatt.fr\/wp-content\/uploads\/2020\/02\/dskHY_coL5.jpeg","contentUrl":"https:\/\/geniwatt.fr\/wp-content\/uploads\/2020\/02\/dskHY_coL5.jpeg","width":278,"height":70,"caption":"GeniWatt"},"image":{"@id":"https:\/\/geniwatt.fr\/fr\/#\/schema\/logo\/image\/"},"sameAs":["https:\/\/www.facebook.com\/GeniWattFGWilson","https:\/\/www.linkedin.com\/company\/geniwatt","https:\/\/www.youtube.com\/channel\/UCehrKAimYhPDfZ80TdFBwUA"]}]}},"_links":{"self":[{"href":"https:\/\/geniwatt.fr\/fr\/wp-json\/wp\/v2\/pages\/1774","targetHints":{"allow":["GET"]}}],"collection":[{"href":"https:\/\/geniwatt.fr\/fr\/wp-json\/wp\/v2\/pages"}],"about":[{"href":"https:\/\/geniwatt.fr\/fr\/wp-json\/wp\/v2\/types\/page"}],"author":[{"embeddable":true,"href":"https:\/\/geniwatt.fr\/fr\/wp-json\/wp\/v2\/users\/2"}],"replies":[{"embeddable":true,"href":"https:\/\/geniwatt.fr\/fr\/wp-json\/wp\/v2\/comments?post=1774"}],"version-history":[{"count":4,"href":"https:\/\/geniwatt.fr\/fr\/wp-json\/wp\/v2\/pages\/1774\/revisions"}],"predecessor-version":[{"id":1779,"href":"https:\/\/geniwatt.fr\/fr\/wp-json\/wp\/v2\/pages\/1774\/revisions\/1779"}],"wp:attachment":[{"href":"https:\/\/geniwatt.fr\/fr\/wp-json\/wp\/v2\/media?parent=1774"}],"curies":[{"name":"wp","href":"https:\/\/api.w.org\/{rel}","templated":true}]}}