{"id":435,"date":"2020-11-17T04:53:21","date_gmt":"2020-11-17T04:53:21","guid":{"rendered":"https:\/\/it.secom.fr\/?page_id=435"},"modified":"2022-01-05T17:05:40","modified_gmt":"2022-01-05T16:05:40","slug":"stock","status":"publish","type":"page","link":"https:\/\/geniwatt.fr\/fr\/stock\/","title":{"rendered":"Groupes en stock"},"content":{"rendered":"","protected":false},"excerpt":{"rendered":"","protected":false},"author":2,"featured_media":0,"parent":0,"menu_order":0,"comment_status":"closed","ping_status":"closed","template":"","meta":{"footnotes":""},"class_list":["post-435","page","type-page","status-publish","hentry"],"yoast_head":"<!-- This site is optimized with the Yoast SEO plugin v27.4 - https:\/\/yoast.com\/product\/yoast-seo-wordpress\/ -->\n<title>Stock - GeniWatt - FG Wilson Dealer - Gensets<\/title>\n<meta name=\"description\" content=\"GeniWatt stock over 350 FG Wilson gensets, from 11 kVA to 1650 kVA, open or with soundproof enclosure, from the simplest model CALG, to the most robust model CAE.\" \/>\n<meta name=\"robots\" content=\"index, follow, max-snippet:-1, max-image-preview:large, max-video-preview:-1\" \/>\n<link rel=\"canonical\" href=\"https:\/\/geniwatt.fr\/fr\/stock\/\" \/>\n<meta property=\"og:locale\" content=\"fr_FR\" \/>\n<meta property=\"og:type\" content=\"article\" \/>\n<meta property=\"og:title\" content=\"Stock - GeniWatt - FG Wilson Dealer - Gensets\" \/>\n<meta property=\"og:description\" content=\"GeniWatt stock over 350 FG Wilson gensets, from 11 kVA to 1650 kVA, open or with soundproof enclosure, from the simplest model CALG, to the most robust model CAE.\" \/>\n<meta property=\"og:url\" content=\"https:\/\/geniwatt.fr\/fr\/stock\/\" \/>\n<meta property=\"og:site_name\" content=\"GeniWatt\" \/>\n<meta property=\"article:publisher\" content=\"https:\/\/www.facebook.com\/GeniWattFGWilson\" \/>\n<meta property=\"article:modified_time\" content=\"2022-01-05T16:05:40+00:00\" \/>\n<meta name=\"twitter:card\" content=\"summary_large_image\" \/>\n<script type=\"application\/ld+json\" class=\"yoast-schema-graph\">{\"@context\":\"https:\\\/\\\/schema.org\",\"@graph\":[{\"@type\":\"WebPage\",\"@id\":\"https:\\\/\\\/geniwatt.fr\\\/fr\\\/stock\\\/\",\"url\":\"https:\\\/\\\/geniwatt.fr\\\/fr\\\/stock\\\/\",\"name\":\"Stock - GeniWatt - FG Wilson Dealer - Gensets\",\"isPartOf\":{\"@id\":\"https:\\\/\\\/geniwatt.fr\\\/fr\\\/#website\"},\"datePublished\":\"2020-11-17T04:53:21+00:00\",\"dateModified\":\"2022-01-05T16:05:40+00:00\",\"description\":\"GeniWatt stock over 350 FG Wilson gensets, from 11 kVA to 1650 kVA, open or with soundproof enclosure, from the simplest model CALG, to the most robust model CAE.\",\"breadcrumb\":{\"@id\":\"https:\\\/\\\/geniwatt.fr\\\/fr\\\/stock\\\/#breadcrumb\"},\"inLanguage\":\"fr-FR\",\"potentialAction\":[{\"@type\":\"ReadAction\",\"target\":[\"https:\\\/\\\/geniwatt.fr\\\/fr\\\/stock\\\/\"]}]},{\"@type\":\"BreadcrumbList\",\"@id\":\"https:\\\/\\\/geniwatt.fr\\\/fr\\\/stock\\\/#breadcrumb\",\"itemListElement\":[{\"@type\":\"ListItem\",\"position\":1,\"name\":\"Accueil\",\"item\":\"https:\\\/\\\/geniwatt.fr\\\/fr\\\/?page_id=195\"},{\"@type\":\"ListItem\",\"position\":2,\"name\":\"Stock\"}]},{\"@type\":\"WebSite\",\"@id\":\"https:\\\/\\\/geniwatt.fr\\\/fr\\\/#website\",\"url\":\"https:\\\/\\\/geniwatt.fr\\\/fr\\\/\",\"name\":\"GeniWatt\",\"description\":\"\",\"publisher\":{\"@id\":\"https:\\\/\\\/geniwatt.fr\\\/fr\\\/#organization\"},\"potentialAction\":[{\"@type\":\"SearchAction\",\"target\":{\"@type\":\"EntryPoint\",\"urlTemplate\":\"https:\\\/\\\/geniwatt.fr\\\/fr\\\/?s={search_term_string}\"},\"query-input\":{\"@type\":\"PropertyValueSpecification\",\"valueRequired\":true,\"valueName\":\"search_term_string\"}}],\"inLanguage\":\"fr-FR\"},{\"@type\":\"Organization\",\"@id\":\"https:\\\/\\\/geniwatt.fr\\\/fr\\\/#organization\",\"name\":\"GeniWatt\",\"url\":\"https:\\\/\\\/geniwatt.fr\\\/fr\\\/\",\"logo\":{\"@type\":\"ImageObject\",\"inLanguage\":\"fr-FR\",\"@id\":\"https:\\\/\\\/geniwatt.fr\\\/fr\\\/#\\\/schema\\\/logo\\\/image\\\/\",\"url\":\"https:\\\/\\\/geniwatt.fr\\\/wp-content\\\/uploads\\\/2020\\\/02\\\/dskHY_coL5.jpeg\",\"contentUrl\":\"https:\\\/\\\/geniwatt.fr\\\/wp-content\\\/uploads\\\/2020\\\/02\\\/dskHY_coL5.jpeg\",\"width\":278,\"height\":70,\"caption\":\"GeniWatt\"},\"image\":{\"@id\":\"https:\\\/\\\/geniwatt.fr\\\/fr\\\/#\\\/schema\\\/logo\\\/image\\\/\"},\"sameAs\":[\"https:\\\/\\\/www.facebook.com\\\/GeniWattFGWilson\",\"https:\\\/\\\/www.linkedin.com\\\/company\\\/geniwatt\",\"https:\\\/\\\/www.youtube.com\\\/channel\\\/UCehrKAimYhPDfZ80TdFBwUA\"]}]}<\/script>\n<!-- \/ Yoast SEO plugin. -->","yoast_head_json":{"title":"Stock - GeniWatt - Distributeur FG Wilson - Groupes \u00e9lectrog\u00e8nes","description":"GeniWatt stock plus de 350 groupes \u00e9lectrog\u00e8nes FG Wilson, d\u2019une puissance de 11 kVA \u00e0 1650 kVA, ouvert ou avec capotage insonoris\u00e9 du mod\u00e8le le plus simple CALG, au mod\u00e8le le plus robuste CAE.","robots":{"index":"index","follow":"follow","max-snippet":"max-snippet:-1","max-image-preview":"max-image-preview:large","max-video-preview":"max-video-preview:-1"},"canonical":"https:\/\/geniwatt.fr\/fr\/stock\/","og_locale":"fr_FR","og_type":"article","og_title":"Stock - GeniWatt - FG Wilson Dealer - Gensets","og_description":"GeniWatt stock over 350 FG Wilson gensets, from 11 kVA to 1650 kVA, open or with soundproof enclosure, from the simplest model CALG, to the most robust model CAE.","og_url":"https:\/\/geniwatt.fr\/fr\/stock\/","og_site_name":"GeniWatt","article_publisher":"https:\/\/www.facebook.com\/GeniWattFGWilson","article_modified_time":"2022-01-05T16:05:40+00:00","twitter_card":"summary_large_image","schema":{"@context":"https:\/\/schema.org","@graph":[{"@type":"WebPage","@id":"https:\/\/geniwatt.fr\/fr\/stock\/","url":"https:\/\/geniwatt.fr\/fr\/stock\/","name":"Stock - GeniWatt - Distributeur FG Wilson - Groupes \u00e9lectrog\u00e8nes","isPartOf":{"@id":"https:\/\/geniwatt.fr\/fr\/#website"},"datePublished":"2020-11-17T04:53:21+00:00","dateModified":"2022-01-05T16:05:40+00:00","description":"GeniWatt stock plus de 350 groupes \u00e9lectrog\u00e8nes FG Wilson, d\u2019une puissance de 11 kVA \u00e0 1650 kVA, ouvert ou avec capotage insonoris\u00e9 du mod\u00e8le le plus simple CALG, au mod\u00e8le le plus robuste CAE.","breadcrumb":{"@id":"https:\/\/geniwatt.fr\/fr\/stock\/#breadcrumb"},"inLanguage":"fr-FR","potentialAction":[{"@type":"ReadAction","target":["https:\/\/geniwatt.fr\/fr\/stock\/"]}]},{"@type":"BreadcrumbList","@id":"https:\/\/geniwatt.fr\/fr\/stock\/#breadcrumb","itemListElement":[{"@type":"ListItem","position":1,"name":"Accueil","item":"https:\/\/geniwatt.fr\/fr\/?page_id=195"},{"@type":"ListItem","position":2,"name":"Stock"}]},{"@type":"WebSite","@id":"https:\/\/geniwatt.fr\/fr\/#website","url":"https:\/\/geniwatt.fr\/fr\/","name":"GeniWatt","description":"","publisher":{"@id":"https:\/\/geniwatt.fr\/fr\/#organization"},"potentialAction":[{"@type":"SearchAction","target":{"@type":"EntryPoint","urlTemplate":"https:\/\/geniwatt.fr\/fr\/?s={search_term_string}"},"query-input":{"@type":"PropertyValueSpecification","valueRequired":true,"valueName":"search_term_string"}}],"inLanguage":"fr-FR"},{"@type":"Organization","@id":"https:\/\/geniwatt.fr\/fr\/#organization","name":"GeniWatt","url":"https:\/\/geniwatt.fr\/fr\/","logo":{"@type":"ImageObject","inLanguage":"fr-FR","@id":"https:\/\/geniwatt.fr\/fr\/#\/schema\/logo\/image\/","url":"https:\/\/geniwatt.fr\/wp-content\/uploads\/2020\/02\/dskHY_coL5.jpeg","contentUrl":"https:\/\/geniwatt.fr\/wp-content\/uploads\/2020\/02\/dskHY_coL5.jpeg","width":278,"height":70,"caption":"GeniWatt"},"image":{"@id":"https:\/\/geniwatt.fr\/fr\/#\/schema\/logo\/image\/"},"sameAs":["https:\/\/www.facebook.com\/GeniWattFGWilson","https:\/\/www.linkedin.com\/company\/geniwatt","https:\/\/www.youtube.com\/channel\/UCehrKAimYhPDfZ80TdFBwUA"]}]}},"_links":{"self":[{"href":"https:\/\/geniwatt.fr\/fr\/wp-json\/wp\/v2\/pages\/435","targetHints":{"allow":["GET"]}}],"collection":[{"href":"https:\/\/geniwatt.fr\/fr\/wp-json\/wp\/v2\/pages"}],"about":[{"href":"https:\/\/geniwatt.fr\/fr\/wp-json\/wp\/v2\/types\/page"}],"author":[{"embeddable":true,"href":"https:\/\/geniwatt.fr\/fr\/wp-json\/wp\/v2\/users\/2"}],"replies":[{"embeddable":true,"href":"https:\/\/geniwatt.fr\/fr\/wp-json\/wp\/v2\/comments?post=435"}],"version-history":[{"count":3,"href":"https:\/\/geniwatt.fr\/fr\/wp-json\/wp\/v2\/pages\/435\/revisions"}],"predecessor-version":[{"id":603,"href":"https:\/\/geniwatt.fr\/fr\/wp-json\/wp\/v2\/pages\/435\/revisions\/603"}],"wp:attachment":[{"href":"https:\/\/geniwatt.fr\/fr\/wp-json\/wp\/v2\/media?parent=435"}],"curies":[{"name":"wp","href":"https:\/\/api.w.org\/{rel}","templated":true}]}}