{"id":246,"date":"2020-11-04T04:59:54","date_gmt":"2020-11-04T04:59:54","guid":{"rendered":"https:\/\/it.secom.fr\/product\/p501-3\/"},"modified":"2022-01-05T17:57:24","modified_gmt":"2022-01-05T16:57:24","slug":"p501-3","status":"publish","type":"product","link":"https:\/\/geniwatt.fr\/fr\/produit\/p501-3\/","title":{"rendered":"P501-3"},"content":{"rendered":"","protected":false},"excerpt":{"rendered":"<p><strong>Caract\u00e9ristique Nominale Minimale<\/strong><\/p>\n<p>438 kVA \/ 350 kW<\/p>\n<p><strong>Caract\u00e9ristique Nominale Maximale<\/strong><\/p>\n<p>500 kVA \/ 400 kW<\/p>\n<p><strong>Strat\u00e9gie Antipollution\/D'\u00e9conomie De Carburant<\/strong><\/p>\n<p>Optimisation de la consommation de carburant<\/p>\n<div class=\"button_align align_ icon=\"><a class=\"button  button_full_width button_size_2\" href=\"https:\/\/geniwatt.fr\/fr\/contact-3\/\"     target=\"_blank\" rel=\" onclick=\"   title=\"\"><span class=\"button_label\">Demander un devis<\/span><\/a><\/div>\n<div class=\"accordion\">\n<div class=\"mfn-acc accordion_wrapper\">\n<div class=\"question\">\n<div class=\"title\"><i class=\"icon-plus acc-icon-plus\" aria-hidden=\"true\"><\/i><i class=\"icon-minus acc-icon-minus\" aria-hidden=\"true\"><\/i>Veuillez t\u00e9l\u00e9charger les brochures suivantes pour ce produit<\/div>\n<div class=\"answer\">\n<ul class=\"secondary-links\">\n<li><a title=\"\" href=\"https:\/\/s7d2.scene7.com\/is\/content\/Caterpillar\/CM20180409-17540-55148\" target=\"new_tab\" rel=\"noopener noreferrer\">Guide Des Puissances Des Groupes \u00c9lectrog\u00e8nes FG Wilson<\/a><\/li>\n<li><a title=\"\" href=\"http:\/\/s7d2.scene7.com\/is\/content\/Caterpillar\/CM20150630-11275-08474\" target=\"new_tab\" rel=\"noopener noreferrer\">Brochure De La Gamme<\/a><\/li>\n<li><a title=\"\" href=\"https:\/\/s7d2.scene7.com\/is\/content\/Caterpillar\/CM20150630-11275-08474\" target=\"new_tab\" rel=\"noopener noreferrer\">Enclosure Brochure<\/a><\/li>\n<\/ul>\n<\/div>\n<\/div>\n<\/div>\n<\/div>","protected":false},"featured_media":529,"comment_status":"closed","ping_status":"closed","template":"","meta":[],"product_brand":[],"product_cat":[36,38],"product_tag":[],"class_list":{"0":"post-246","1":"product","2":"type-product","3":"status-publish","4":"has-post-thumbnail","6":"product_cat-diesel-gensets","7":"product_cat-medium-range","9":"first","10":"instock","11":"product-type-simple"},"yoast_head":"<!-- This site is optimized with the Yoast SEO plugin v27.4 - https:\/\/yoast.com\/product\/yoast-seo-wordpress\/ -->\n<title>P501-3 - Diesel Genset - GeniWatt - FG Wilson Dealer<\/title>\n<meta name=\"description\" content=\"Need to buy a diesel genset? GeniWatt is the official dealer of FG Wilson generating sets, please check here the model P501-3.\" \/>\n<meta name=\"robots\" content=\"index, follow, max-snippet:-1, max-image-preview:large, max-video-preview:-1\" \/>\n<link rel=\"canonical\" href=\"https:\/\/geniwatt.fr\/fr\/produit\/p501-3\/\" \/>\n<meta property=\"og:locale\" content=\"fr_FR\" \/>\n<meta property=\"og:type\" content=\"article\" \/>\n<meta property=\"og:title\" content=\"P501-3 - Diesel Genset - GeniWatt - FG Wilson Dealer\" \/>\n<meta property=\"og:description\" content=\"Need to buy a diesel genset? GeniWatt is the official dealer of FG Wilson generating sets, please check here the model P501-3.\" \/>\n<meta property=\"og:url\" content=\"https:\/\/geniwatt.fr\/fr\/produit\/p501-3\/\" \/>\n<meta property=\"og:site_name\" content=\"GeniWatt\" \/>\n<meta property=\"article:publisher\" content=\"https:\/\/www.facebook.com\/GeniWattFGWilson\" \/>\n<meta property=\"article:modified_time\" content=\"2022-01-05T16:57:24+00:00\" \/>\n<meta property=\"og:image\" content=\"https:\/\/geniwatt.fr\/wp-content\/uploads\/2020\/11\/p501-3.jpg\" \/>\n\t<meta property=\"og:image:width\" content=\"358\" \/>\n\t<meta property=\"og:image:height\" content=\"269\" \/>\n\t<meta property=\"og:image:type\" content=\"image\/jpeg\" \/>\n<meta name=\"twitter:card\" content=\"summary_large_image\" \/>\n<script type=\"application\/ld+json\" class=\"yoast-schema-graph\">{\"@context\":\"https:\\\/\\\/schema.org\",\"@graph\":[{\"@type\":\"WebPage\",\"@id\":\"https:\\\/\\\/geniwatt.fr\\\/fr\\\/produit\\\/p501-3\\\/\",\"url\":\"https:\\\/\\\/geniwatt.fr\\\/fr\\\/produit\\\/p501-3\\\/\",\"name\":\"P501-3 - Diesel Genset - GeniWatt - FG Wilson Dealer\",\"isPartOf\":{\"@id\":\"https:\\\/\\\/geniwatt.fr\\\/fr\\\/#website\"},\"primaryImageOfPage\":{\"@id\":\"https:\\\/\\\/geniwatt.fr\\\/fr\\\/produit\\\/p501-3\\\/#primaryimage\"},\"image\":{\"@id\":\"https:\\\/\\\/geniwatt.fr\\\/fr\\\/produit\\\/p501-3\\\/#primaryimage\"},\"thumbnailUrl\":\"https:\\\/\\\/geniwatt.fr\\\/wp-content\\\/uploads\\\/2020\\\/11\\\/p501-3.jpg\",\"datePublished\":\"2020-11-04T04:59:54+00:00\",\"dateModified\":\"2022-01-05T16:57:24+00:00\",\"description\":\"Need to buy a diesel genset? GeniWatt is the official dealer of FG Wilson generating sets, please check here the model P501-3.\",\"breadcrumb\":{\"@id\":\"https:\\\/\\\/geniwatt.fr\\\/fr\\\/produit\\\/p501-3\\\/#breadcrumb\"},\"inLanguage\":\"fr-FR\",\"potentialAction\":[{\"@type\":\"ReadAction\",\"target\":[\"https:\\\/\\\/geniwatt.fr\\\/fr\\\/produit\\\/p501-3\\\/\"]}]},{\"@type\":\"ImageObject\",\"inLanguage\":\"fr-FR\",\"@id\":\"https:\\\/\\\/geniwatt.fr\\\/fr\\\/produit\\\/p501-3\\\/#primaryimage\",\"url\":\"https:\\\/\\\/geniwatt.fr\\\/wp-content\\\/uploads\\\/2020\\\/11\\\/p501-3.jpg\",\"contentUrl\":\"https:\\\/\\\/geniwatt.fr\\\/wp-content\\\/uploads\\\/2020\\\/11\\\/p501-3.jpg\",\"width\":358,\"height\":269,\"caption\":\"p501-3 GeniWatt Groupe \u00e9lectrog\u00e8ne diesel FG Wilson\"},{\"@type\":\"BreadcrumbList\",\"@id\":\"https:\\\/\\\/geniwatt.fr\\\/fr\\\/produit\\\/p501-3\\\/#breadcrumb\",\"itemListElement\":[{\"@type\":\"ListItem\",\"position\":1,\"name\":\"Accueil\",\"item\":\"https:\\\/\\\/geniwatt.fr\\\/fr\\\/?page_id=195\"},{\"@type\":\"ListItem\",\"position\":2,\"name\":\"Shop\",\"item\":\"https:\\\/\\\/geniwatt.fr\\\/en\\\/?page_id=195\"},{\"@type\":\"ListItem\",\"position\":3,\"name\":\"P501-3\"}]},{\"@type\":\"WebSite\",\"@id\":\"https:\\\/\\\/geniwatt.fr\\\/fr\\\/#website\",\"url\":\"https:\\\/\\\/geniwatt.fr\\\/fr\\\/\",\"name\":\"GeniWatt\",\"description\":\"\",\"publisher\":{\"@id\":\"https:\\\/\\\/geniwatt.fr\\\/fr\\\/#organization\"},\"potentialAction\":[{\"@type\":\"SearchAction\",\"target\":{\"@type\":\"EntryPoint\",\"urlTemplate\":\"https:\\\/\\\/geniwatt.fr\\\/fr\\\/?s={search_term_string}\"},\"query-input\":{\"@type\":\"PropertyValueSpecification\",\"valueRequired\":true,\"valueName\":\"search_term_string\"}}],\"inLanguage\":\"fr-FR\"},{\"@type\":\"Organization\",\"@id\":\"https:\\\/\\\/geniwatt.fr\\\/fr\\\/#organization\",\"name\":\"GeniWatt\",\"url\":\"https:\\\/\\\/geniwatt.fr\\\/fr\\\/\",\"logo\":{\"@type\":\"ImageObject\",\"inLanguage\":\"fr-FR\",\"@id\":\"https:\\\/\\\/geniwatt.fr\\\/fr\\\/#\\\/schema\\\/logo\\\/image\\\/\",\"url\":\"https:\\\/\\\/geniwatt.fr\\\/wp-content\\\/uploads\\\/2020\\\/02\\\/dskHY_coL5.jpeg\",\"contentUrl\":\"https:\\\/\\\/geniwatt.fr\\\/wp-content\\\/uploads\\\/2020\\\/02\\\/dskHY_coL5.jpeg\",\"width\":278,\"height\":70,\"caption\":\"GeniWatt\"},\"image\":{\"@id\":\"https:\\\/\\\/geniwatt.fr\\\/fr\\\/#\\\/schema\\\/logo\\\/image\\\/\"},\"sameAs\":[\"https:\\\/\\\/www.facebook.com\\\/GeniWattFGWilson\",\"https:\\\/\\\/www.linkedin.com\\\/company\\\/geniwatt\",\"https:\\\/\\\/www.youtube.com\\\/channel\\\/UCehrKAimYhPDfZ80TdFBwUA\"]}]}<\/script>\n<!-- \/ Yoast SEO plugin. -->","yoast_head_json":{"title":"P501-3 - Groupe \u00e9lectrog\u00e8ne diesel - GeniWatt - Distributeur FG Wilson","description":"Besoin d'acheter un groupe \u00e9lectrog\u00e8ne diesel ? GeniWatt, distributeur officiel de FG Wilson, vous propose le mod\u00e8le P501-3.","robots":{"index":"index","follow":"follow","max-snippet":"max-snippet:-1","max-image-preview":"max-image-preview:large","max-video-preview":"max-video-preview:-1"},"canonical":"https:\/\/geniwatt.fr\/fr\/produit\/p501-3\/","og_locale":"fr_FR","og_type":"article","og_title":"P501-3 - Diesel Genset - GeniWatt - FG Wilson Dealer","og_description":"Need to buy a diesel genset? GeniWatt is the official dealer of FG Wilson generating sets, please check here the model P501-3.","og_url":"https:\/\/geniwatt.fr\/fr\/produit\/p501-3\/","og_site_name":"GeniWatt","article_publisher":"https:\/\/www.facebook.com\/GeniWattFGWilson","article_modified_time":"2022-01-05T16:57:24+00:00","og_image":[{"width":358,"height":269,"url":"https:\/\/geniwatt.fr\/wp-content\/uploads\/2020\/11\/p501-3.jpg","type":"image\/jpeg"}],"twitter_card":"summary_large_image","schema":{"@context":"https:\/\/schema.org","@graph":[{"@type":"WebPage","@id":"https:\/\/geniwatt.fr\/fr\/produit\/p501-3\/","url":"https:\/\/geniwatt.fr\/fr\/produit\/p501-3\/","name":"P501-3 - Groupe \u00e9lectrog\u00e8ne diesel - GeniWatt - Distributeur FG Wilson","isPartOf":{"@id":"https:\/\/geniwatt.fr\/fr\/#website"},"primaryImageOfPage":{"@id":"https:\/\/geniwatt.fr\/fr\/produit\/p501-3\/#primaryimage"},"image":{"@id":"https:\/\/geniwatt.fr\/fr\/produit\/p501-3\/#primaryimage"},"thumbnailUrl":"https:\/\/geniwatt.fr\/wp-content\/uploads\/2020\/11\/p501-3.jpg","datePublished":"2020-11-04T04:59:54+00:00","dateModified":"2022-01-05T16:57:24+00:00","description":"Besoin d'acheter un groupe \u00e9lectrog\u00e8ne diesel ? GeniWatt, distributeur officiel de FG Wilson, vous propose le mod\u00e8le P501-3.","breadcrumb":{"@id":"https:\/\/geniwatt.fr\/fr\/produit\/p501-3\/#breadcrumb"},"inLanguage":"fr-FR","potentialAction":[{"@type":"ReadAction","target":["https:\/\/geniwatt.fr\/fr\/produit\/p501-3\/"]}]},{"@type":"ImageObject","inLanguage":"fr-FR","@id":"https:\/\/geniwatt.fr\/fr\/produit\/p501-3\/#primaryimage","url":"https:\/\/geniwatt.fr\/wp-content\/uploads\/2020\/11\/p501-3.jpg","contentUrl":"https:\/\/geniwatt.fr\/wp-content\/uploads\/2020\/11\/p501-3.jpg","width":358,"height":269,"caption":"p501-3 GeniWatt Groupe \u00e9lectrog\u00e8ne diesel FG Wilson"},{"@type":"BreadcrumbList","@id":"https:\/\/geniwatt.fr\/fr\/produit\/p501-3\/#breadcrumb","itemListElement":[{"@type":"ListItem","position":1,"name":"Accueil","item":"https:\/\/geniwatt.fr\/fr\/?page_id=195"},{"@type":"ListItem","position":2,"name":"Shop","item":"https:\/\/geniwatt.fr\/en\/?page_id=195"},{"@type":"ListItem","position":3,"name":"P501-3"}]},{"@type":"WebSite","@id":"https:\/\/geniwatt.fr\/fr\/#website","url":"https:\/\/geniwatt.fr\/fr\/","name":"GeniWatt","description":"","publisher":{"@id":"https:\/\/geniwatt.fr\/fr\/#organization"},"potentialAction":[{"@type":"SearchAction","target":{"@type":"EntryPoint","urlTemplate":"https:\/\/geniwatt.fr\/fr\/?s={search_term_string}"},"query-input":{"@type":"PropertyValueSpecification","valueRequired":true,"valueName":"search_term_string"}}],"inLanguage":"fr-FR"},{"@type":"Organization","@id":"https:\/\/geniwatt.fr\/fr\/#organization","name":"GeniWatt","url":"https:\/\/geniwatt.fr\/fr\/","logo":{"@type":"ImageObject","inLanguage":"fr-FR","@id":"https:\/\/geniwatt.fr\/fr\/#\/schema\/logo\/image\/","url":"https:\/\/geniwatt.fr\/wp-content\/uploads\/2020\/02\/dskHY_coL5.jpeg","contentUrl":"https:\/\/geniwatt.fr\/wp-content\/uploads\/2020\/02\/dskHY_coL5.jpeg","width":278,"height":70,"caption":"GeniWatt"},"image":{"@id":"https:\/\/geniwatt.fr\/fr\/#\/schema\/logo\/image\/"},"sameAs":["https:\/\/www.facebook.com\/GeniWattFGWilson","https:\/\/www.linkedin.com\/company\/geniwatt","https:\/\/www.youtube.com\/channel\/UCehrKAimYhPDfZ80TdFBwUA"]}]}},"_links":{"self":[{"href":"https:\/\/geniwatt.fr\/fr\/wp-json\/wp\/v2\/product\/246","targetHints":{"allow":["GET"]}}],"collection":[{"href":"https:\/\/geniwatt.fr\/fr\/wp-json\/wp\/v2\/product"}],"about":[{"href":"https:\/\/geniwatt.fr\/fr\/wp-json\/wp\/v2\/types\/product"}],"replies":[{"embeddable":true,"href":"https:\/\/geniwatt.fr\/fr\/wp-json\/wp\/v2\/comments?post=246"}],"wp:featuredmedia":[{"embeddable":true,"href":"https:\/\/geniwatt.fr\/fr\/wp-json\/wp\/v2\/media\/529"}],"wp:attachment":[{"href":"https:\/\/geniwatt.fr\/fr\/wp-json\/wp\/v2\/media?parent=246"}],"wp:term":[{"taxonomy":"product_brand","embeddable":true,"href":"https:\/\/geniwatt.fr\/fr\/wp-json\/wp\/v2\/product_brand?post=246"},{"taxonomy":"product_cat","embeddable":true,"href":"https:\/\/geniwatt.fr\/fr\/wp-json\/wp\/v2\/product_cat?post=246"},{"taxonomy":"product_tag","embeddable":true,"href":"https:\/\/geniwatt.fr\/fr\/wp-json\/wp\/v2\/product_tag?post=246"}],"curies":[{"name":"wp","href":"https:\/\/api.w.org\/{rel}","templated":true}]}}